{"id":5831,"date":"2023-03-25T07:11:52","date_gmt":"2023-03-25T06:11:52","guid":{"rendered":"https:\/\/huertadelcura.es\/informacion-practica\/"},"modified":"2025-05-30T09:26:12","modified_gmt":"2025-05-30T07:26:12","slug":"informacion-practica","status":"publish","type":"page","link":"https:\/\/huertadelcura.es\/es\/informacion-practica\/","title":{"rendered":"Informaci\u00f3n pr\u00e1ctica"},"content":{"rendered":"\t\t<div data-elementor-type=\"wp-page\" data-elementor-id=\"5831\" class=\"elementor elementor-5831 elementor-255\">\n\t\t\t\t\t\t<section class=\"elementor-section elementor-top-section elementor-element elementor-element-6a336068 elementor-section-height-min-height cs-section-content-fullwidth cs-parallax-on-scroll cs_scroll_y_80 elementor-section-boxed elementor-section-height-default elementor-section-items-middle\" data-id=\"6a336068\" data-element_type=\"section\" data-e-type=\"section\" data-settings=\"{&quot;background_background&quot;:&quot;classic&quot;}\" data-cs-parallax-y=\"80\" style=\"background-image: none;\" data-cs-background-image=\"https:\/\/huertadelcura.es\/wp-content\/uploads\/2025\/04\/villa-front-2-67f79fa8a38bf.webp\" data-cs-background-image-alt-text=\"\">\n\t\t\t\t\t\t\t<div class=\"elementor-background-overlay\"><\/div>\n\t\t\t\t\t\t\t<div class=\"elementor-container elementor-column-gap-no\">\n\t\t\t\t\t<div class=\"elementor-column elementor-col-100 elementor-top-column elementor-element elementor-element-3d15eb6a dark-color\" data-id=\"3d15eb6a\" data-element_type=\"column\" data-e-type=\"column\">\n\t\t\t<div class=\"elementor-widget-wrap elementor-element-populated\">\n\t\t\t\t\t\t<div class=\"elementor-element elementor-element-5d9542c4 elementor-widget elementor-widget-cs_title\" data-id=\"5d9542c4\" data-element_type=\"widget\" data-e-type=\"widget\" data-widget_type=\"cs_title.default\">\n\t\t\t\t<div class=\"elementor-widget-container\">\n\t\t\t\t\t\n        <div class=\"cs-title-wrap text-center\">\t            <h1 class=\"cs-title\">\n\t                Informaci\u00f3n pr\u00e1ctica\t            <\/h1>        <\/div>\t\t\t\t<\/div>\n\t\t\t\t<\/div>\n\t\t\t\t\t<\/div>\n\t\t<\/div>\n\t\t\t\t\t<\/div>\n\t\t<\/section>\n\t\t\t\t<section class=\"elementor-section elementor-top-section elementor-element elementor-element-720a50ca cs-section-content-fullwidth cs-animation-small-offset elementor-section-boxed elementor-section-height-default elementor-section-height-default elementor-invisible\" data-id=\"720a50ca\" data-element_type=\"section\" data-e-type=\"section\" data-settings=\"{&quot;animation&quot;:&quot;fadeInUp&quot;,&quot;animation_delay&quot;:300}\">\n\t\t\t\t\t\t<div class=\"elementor-container elementor-column-gap-no\">\n\t\t\t\t\t<div class=\"elementor-column elementor-col-33 elementor-top-column elementor-element elementor-element-e660c1e\" data-id=\"e660c1e\" data-element_type=\"column\" data-e-type=\"column\">\n\t\t\t<div class=\"elementor-widget-wrap elementor-element-populated\">\n\t\t\t\t\t\t<div class=\"elementor-element elementor-element-3f6f6dec elementor-widget elementor-widget-cs_title\" data-id=\"3f6f6dec\" data-element_type=\"widget\" data-e-type=\"widget\" data-widget_type=\"cs_title.default\">\n\t\t\t\t<div class=\"elementor-widget-container\">\n\t\t\t\t\t\n        <div class=\"cs-title-wrap text-center\">\t            <h6 class=\"cs-title color-primary\">\n\t                SUPERMERCADOS\t            <\/h6>        <\/div>\t\t\t\t<\/div>\n\t\t\t\t<\/div>\n\t\t\t\t<div class=\"elementor-element elementor-element-6f9adbe5 elementor-widget elementor-widget-cs_food_menu\" data-id=\"6f9adbe5\" data-element_type=\"widget\" data-e-type=\"widget\" data-widget_type=\"cs_food_menu.default\">\n\t\t\t\t<div class=\"elementor-widget-container\">\n\t\t\t\t\t            <div class=\"cs-food-menu food-menu-style-2 lines-on-mobile\">                <div class=\"cs-food-menu-item\">                    <div class=\"cs-food-menu-main\">\n                        <div class=\"cs-food-menu-header\">                            <h6 class=\"cs-food-menu-title\">                                <span class=\"title-wrap\">Aliprox\t\t\t\t\t\t\t\t<\/span>                            <\/h6>\n                            <div class=\"cs-food-menu-lines\"><\/div><span class=\"cs-food-menu-price\">5,8 KM<\/span>                        <\/div>                            <p class=\"cs-food-menu-details\">Calle Funcionario Paco Mutilado 5 Casarabonela<\/p>                    <\/div>\n                <\/div>                <div class=\"cs-food-menu-item\">                    <div class=\"cs-food-menu-main\">\n                        <div class=\"cs-food-menu-header\">                            <h6 class=\"cs-food-menu-title\">                                <span class=\"title-wrap\">Maskom One\t\t\t\t\t\t\t\t<\/span>\t\t\t\t\t\t\t\t\t<span class=\"menu-label\">abierto domingo por la ma\u00f1ana<\/span>                            <\/h6>\n                            <div class=\"cs-food-menu-lines\"><\/div><span class=\"cs-food-menu-price\">6,2 KM<\/span>                        <\/div>                            <p class=\"cs-food-menu-details\">Av. de Juan XXIII 28 Casarabonela <\/p>                    <\/div>\n                <\/div>                <div class=\"cs-food-menu-item\">                    <div class=\"cs-food-menu-main\">\n                        <div class=\"cs-food-menu-header\">                            <h6 class=\"cs-food-menu-title\">                                <span class=\"title-wrap\">Efectivo fresco\t\t\t\t\t\t\t\t<\/span>                            <\/h6>\n                            <div class=\"cs-food-menu-lines\"><\/div><span class=\"cs-food-menu-price\">9,7 KM<\/span>                        <\/div>                            <p class=\"cs-food-menu-details\">Pl. Estaci\u00f3n 1 Pizarra <\/p>                    <\/div>\n                <\/div>                <div class=\"cs-food-menu-item\">                    <div class=\"cs-food-menu-main\">\n                        <div class=\"cs-food-menu-header\">                            <h6 class=\"cs-food-menu-title\">                                <span class=\"title-wrap\">Carrefour\t\t\t\t\t\t\t\t<\/span>\t\t\t\t\t\t\t\t\t<span class=\"menu-label\">gran<\/span>                            <\/h6>\n                            <div class=\"cs-food-menu-lines\"><\/div><span class=\"cs-food-menu-price\">20,6 KM<\/span>                        <\/div>                            <p class=\"cs-food-menu-details\">Carretera Co\u00edn-C\u00e1rtama Km 1 Centro Comercial La Trocha Coin<\/p>                    <\/div>\n                <\/div>                <div class=\"cs-food-menu-item\">                    <div class=\"cs-food-menu-main\">\n                        <div class=\"cs-food-menu-header\">                            <h6 class=\"cs-food-menu-title\">                                <span class=\"title-wrap\">LIDL\t\t\t\t\t\t\t\t<\/span>                            <\/h6>\n                            <div class=\"cs-food-menu-lines\"><\/div><span class=\"cs-food-menu-price\">21,6 KM<\/span>                        <\/div>                            <p class=\"cs-food-menu-details\">Dehesa Baja, s\/n C\u00e1rtama<\/p>                    <\/div>\n                <\/div>            <\/div>\t\t\t\t<\/div>\n\t\t\t\t<\/div>\n\t\t\t\t<div class=\"elementor-element elementor-element-23d38310 elementor-widget elementor-widget-cs_title\" data-id=\"23d38310\" data-element_type=\"widget\" data-e-type=\"widget\" data-widget_type=\"cs_title.default\">\n\t\t\t\t<div class=\"elementor-widget-container\">\n\t\t\t\t\t\n        <div class=\"cs-title-wrap text-center\">\t            <h6 class=\"cs-title color-primary\">\n\t                CARNICERO\/PESCADOR\t            <\/h6>        <\/div>\t\t\t\t<\/div>\n\t\t\t\t<\/div>\n\t\t\t\t<div class=\"elementor-element elementor-element-7d2d30a4 elementor-widget elementor-widget-cs_food_menu\" data-id=\"7d2d30a4\" data-element_type=\"widget\" data-e-type=\"widget\" data-widget_type=\"cs_food_menu.default\">\n\t\t\t\t<div class=\"elementor-widget-container\">\n\t\t\t\t\t            <div class=\"cs-food-menu food-menu-style-2 lines-on-mobile\">                <div class=\"cs-food-menu-item\">                    <div class=\"cs-food-menu-main\">\n                        <div class=\"cs-food-menu-header\">                            <h6 class=\"cs-food-menu-title\">                                <span class=\"title-wrap\">Carnicer\u00eda Molina Quintana\t\t\t\t\t\t\t\t<\/span>\t\t\t\t\t\t\t\t\t<span class=\"menu-label\">carne<\/span>                            <\/h6>\n                            <div class=\"cs-food-menu-lines\"><\/div><span class=\"cs-food-menu-price\">6,1 KM<\/span>                        <\/div>                            <p class=\"cs-food-menu-details\">Av. de Juan XXIII 8 Casarabonela <\/p>                    <\/div>\n                <\/div>                <div class=\"cs-food-menu-item\">                    <div class=\"cs-food-menu-main\">\n                        <div class=\"cs-food-menu-header\">                            <h6 class=\"cs-food-menu-title\">                                <span class=\"title-wrap\">Carnicer\u00eda TACHI\t\t\t\t\t\t\t\t<\/span>\t\t\t\t\t\t\t\t\t<span class=\"menu-label\">carne<\/span>                            <\/h6>\n                            <div class=\"cs-food-menu-lines\"><\/div><span class=\"cs-food-menu-price\">6,1 KM<\/span>                        <\/div>                            <p class=\"cs-food-menu-details\">C. Municipal Juan D\u00edaz Casarabonela<\/p>                    <\/div>\n                <\/div>                <div class=\"cs-food-menu-item\">                    <div class=\"cs-food-menu-main\">\n                        <div class=\"cs-food-menu-header\">                            <h6 class=\"cs-food-menu-title\">                                <span class=\"title-wrap\">Margarita Cuenca Santiago\t\t\t\t\t\t\t\t<\/span>\t\t\t\t\t\t\t\t\t<span class=\"menu-label\">carne<\/span>                            <\/h6>\n                            <div class=\"cs-food-menu-lines\"><\/div><span class=\"cs-food-menu-price\">6,2 KM<\/span>                        <\/div>                            <p class=\"cs-food-menu-details\">Camino de Casarabonela, 1 Casarabonela<\/p>                    <\/div>\n                <\/div>                <div class=\"cs-food-menu-item\">                    <div class=\"cs-food-menu-main\">\n                        <div class=\"cs-food-menu-header\">                            <h6 class=\"cs-food-menu-title\">                                <span class=\"title-wrap\">Pescader\u00eda Nicanor\t\t\t\t\t\t\t\t<\/span>\t\t\t\t\t\t\t\t\t<span class=\"menu-label\">pescado<\/span>                            <\/h6>\n                            <div class=\"cs-food-menu-lines\"><\/div><span class=\"cs-food-menu-price\">5,9 KM<\/span>                        <\/div>                            <p class=\"cs-food-menu-details\">Avda. Juan XXIII 2 Casarabonela <\/p>                    <\/div>\n                <\/div>                <div class=\"cs-food-menu-item\">                    <div class=\"cs-food-menu-main\">\n                        <div class=\"cs-food-menu-header\">                            <h6 class=\"cs-food-menu-title\">                                <span class=\"title-wrap\">Pescader\u00eda La Avenida\t\t\t\t\t\t\t\t<\/span>\t\t\t\t\t\t\t\t\t<span class=\"menu-label\">pescado<\/span>                            <\/h6>\n                            <div class=\"cs-food-menu-lines\"><\/div><span class=\"cs-food-menu-price\">6,2 KM<\/span>                        <\/div>                            <p class=\"cs-food-menu-details\">Avenida Juan XXIII Casarabonela<\/p>                    <\/div>\n                <\/div>            <\/div>\t\t\t\t<\/div>\n\t\t\t\t<\/div>\n\t\t\t\t\t<\/div>\n\t\t<\/div>\n\t\t\t\t<div class=\"elementor-column elementor-col-33 elementor-top-column elementor-element elementor-element-aeb6d64 elementor-hidden-tablet elementor-hidden-mobile\" data-id=\"aeb6d64\" data-element_type=\"column\" data-e-type=\"column\">\n\t\t\t<div class=\"elementor-widget-wrap elementor-element-populated\">\n\t\t\t\t\t\t<div class=\"elementor-element elementor-element-afa6c33 full-height elementor-widget elementor-widget-cs_vertical_divider\" data-id=\"afa6c33\" data-element_type=\"widget\" data-e-type=\"widget\" data-widget_type=\"cs_vertical_divider.default\">\n\t\t\t\t<div class=\"elementor-widget-container\">\n\t\t\t\t\t\n        <div class=\"cs-vertical-divider divider-grass\">                <div class=\"cs-vd-icon icon-start\">                    <svg xmlns=\"http:\/\/www.w3.org\/2000\/svg\" viewBox=\"0 0 31.06 29.67\">\n                        <path d=\"M36.53,21.85,31.78,18s-7.5.83-9.68,16.39C22.1,34.34,25.7,21.66,36.53,21.85Z\" transform=\"translate(-5.47 -4.66)\"><\/path>\n                        <path class=\"cls-1\" d=\"M5.47,21.85,10.22,18s7.5.83,9.68,16.39C19.9,34.34,16.3,21.66,5.47,21.85Z\" transform=\"translate(-5.47 -4.66)\"><\/path>\n                        <polygon class=\"cls-1\" points=\"15.53 0 18.66 6.56 15.53 22.16 12.39 6.56 15.53 0\"><\/polygon>\n                    <\/svg>                <\/div>            <div class=\"cs-vd-line\"><\/div>                <div class=\"cs-vd-icon icon-end\">                    <svg xmlns=\"http:\/\/www.w3.org\/2000\/svg\" viewBox=\"0 0 31.06 29.67\">\n                        <path d=\"M36.53,21.85,31.78,18s-7.5.83-9.68,16.39C22.1,34.34,25.7,21.66,36.53,21.85Z\" transform=\"translate(-5.47 -4.66)\"><\/path>\n                        <path class=\"cls-1\" d=\"M5.47,21.85,10.22,18s7.5.83,9.68,16.39C19.9,34.34,16.3,21.66,5.47,21.85Z\" transform=\"translate(-5.47 -4.66)\"><\/path>\n                        <polygon class=\"cls-1\" points=\"15.53 0 18.66 6.56 15.53 22.16 12.39 6.56 15.53 0\"><\/polygon>\n                    <\/svg>                <\/div>        <\/div>\t\t\t\t<\/div>\n\t\t\t\t<\/div>\n\t\t\t\t\t<\/div>\n\t\t<\/div>\n\t\t\t\t<div class=\"elementor-column elementor-col-33 elementor-top-column elementor-element elementor-element-f857d5c\" data-id=\"f857d5c\" data-element_type=\"column\" data-e-type=\"column\">\n\t\t\t<div class=\"elementor-widget-wrap elementor-element-populated\">\n\t\t\t\t\t\t<div class=\"elementor-element elementor-element-9ca7209 elementor-widget elementor-widget-cs_title\" data-id=\"9ca7209\" data-element_type=\"widget\" data-e-type=\"widget\" data-widget_type=\"cs_title.default\">\n\t\t\t\t<div class=\"elementor-widget-container\">\n\t\t\t\t\t\n        <div class=\"cs-title-wrap text-center\">\t            <h6 class=\"cs-title color-primary\">\n\t                PANADER\u00cdA\t            <\/h6>        <\/div>\t\t\t\t<\/div>\n\t\t\t\t<\/div>\n\t\t\t\t<div class=\"elementor-element elementor-element-badaa36 elementor-widget elementor-widget-cs_food_menu\" data-id=\"badaa36\" data-element_type=\"widget\" data-e-type=\"widget\" data-widget_type=\"cs_food_menu.default\">\n\t\t\t\t<div class=\"elementor-widget-container\">\n\t\t\t\t\t            <div class=\"cs-food-menu food-menu-style-2 lines-on-mobile\">                <div class=\"cs-food-menu-item\">                    <div class=\"cs-food-menu-main\">\n                        <div class=\"cs-food-menu-header\">                            <h6 class=\"cs-food-menu-title\">                                <span class=\"title-wrap\">Panader\u00eda Loli Doblas\t\t\t\t\t\t\t\t<\/span>                            <\/h6>\n                            <div class=\"cs-food-menu-lines\"><\/div><span class=\"cs-food-menu-price\">5,8 KM<\/span>                        <\/div>                            <p class=\"cs-food-menu-details\">C. M\u00e1laga Casarabonela<\/p>                    <\/div>\n                <\/div>                <div class=\"cs-food-menu-item\">                    <div class=\"cs-food-menu-main\">\n                        <div class=\"cs-food-menu-header\">                            <h6 class=\"cs-food-menu-title\">                                <span class=\"title-wrap\">Confiter\u00eda La Plazoleta\t\t\t\t\t\t\t\t<\/span>                            <\/h6>\n                            <div class=\"cs-food-menu-lines\"><\/div><span class=\"cs-food-menu-price\">6,0 KM<\/span>                        <\/div>                            <p class=\"cs-food-menu-details\">C. Real, 3D Casarabonela<\/p>                    <\/div>\n                <\/div>                <div class=\"cs-food-menu-item\">                    <div class=\"cs-food-menu-main\">\n                        <div class=\"cs-food-menu-header\">                            <h6 class=\"cs-food-menu-title\">                                <span class=\"title-wrap\">Panificadora Gonz\u00e1lez Gallego\t\t\t\t\t\t\t\t<\/span>                            <\/h6>\n                            <div class=\"cs-food-menu-lines\"><\/div><span class=\"cs-food-menu-price\">6,1 KM<\/span>                        <\/div>                            <p class=\"cs-food-menu-details\">Bajada Calle Mes\u00f3n Casarabonela<\/p>                    <\/div>\n                <\/div>                <div class=\"cs-food-menu-item\">                    <div class=\"cs-food-menu-main\">\n                        <div class=\"cs-food-menu-header\">                            <h6 class=\"cs-food-menu-title\">                                <span class=\"title-wrap\">Cafeter\u00eda Pasteler\u00eda Bonela\t\t\t\t\t\t\t\t<\/span>                            <\/h6>\n                            <div class=\"cs-food-menu-lines\"><\/div><span class=\"cs-food-menu-price\">6,2 KM<\/span>                        <\/div>                            <p class=\"cs-food-menu-details\">Av. de Juan XXIII 27D Casarabonela <\/p>                    <\/div>\n                <\/div>                <div class=\"cs-food-menu-item\">                    <div class=\"cs-food-menu-main\">\n                        <div class=\"cs-food-menu-header\">                            <h6 class=\"cs-food-menu-title\">                                <span class=\"title-wrap\">Boutique Del Pan Valero\t\t\t\t\t\t\t\t<\/span>                            <\/h6>\n                            <div class=\"cs-food-menu-lines\"><\/div><span class=\"cs-food-menu-price\">10,0 KM<\/span>                        <\/div>                            <p class=\"cs-food-menu-details\">C. Desenga\u00f1o Pizarra<\/p>                    <\/div>\n                <\/div>            <\/div>\t\t\t\t<\/div>\n\t\t\t\t<\/div>\n\t\t\t\t<div class=\"elementor-element elementor-element-4ca92d9 elementor-widget elementor-widget-cs_title\" data-id=\"4ca92d9\" data-element_type=\"widget\" data-e-type=\"widget\" data-widget_type=\"cs_title.default\">\n\t\t\t\t<div class=\"elementor-widget-container\">\n\t\t\t\t\t\n        <div class=\"cs-title-wrap text-center\">\t            <h6 class=\"cs-title color-primary\">\n\t                APOYO M\u00c9DICO\t            <\/h6>        <\/div>\t\t\t\t<\/div>\n\t\t\t\t<\/div>\n\t\t\t\t<div class=\"elementor-element elementor-element-35578e0 elementor-widget elementor-widget-cs_food_menu\" data-id=\"35578e0\" data-element_type=\"widget\" data-e-type=\"widget\" data-widget_type=\"cs_food_menu.default\">\n\t\t\t\t<div class=\"elementor-widget-container\">\n\t\t\t\t\t            <div class=\"cs-food-menu food-menu-style-2 lines-on-mobile\">                <div class=\"cs-food-menu-item\">                    <div class=\"cs-food-menu-main\">\n                        <div class=\"cs-food-menu-header\">                            <h6 class=\"cs-food-menu-title\">                                <span class=\"title-wrap\">Farmacia-\u00f3ptica Bonela\t\t\t\t\t\t\t\t<\/span>\t\t\t\t\t\t\t\t\t<span class=\"menu-label\">farmacia<\/span>                            <\/h6>\n                            <div class=\"cs-food-menu-lines\"><\/div><span class=\"cs-food-menu-price\">6,1 KM<\/span>                        <\/div>                            <p class=\"cs-food-menu-details\">Av. de Juan XXIII, 6 Casarabonela <\/p>                    <\/div>\n                <\/div>                <div class=\"cs-food-menu-item\">                    <div class=\"cs-food-menu-main\">\n                        <div class=\"cs-food-menu-header\">                            <h6 class=\"cs-food-menu-title\">                                <span class=\"title-wrap\">Dental Bonela\t\t\t\t\t\t\t\t<\/span>\t\t\t\t\t\t\t\t\t<span class=\"menu-label\">dentista<\/span>                            <\/h6>\n                            <div class=\"cs-food-menu-lines\"><\/div><span class=\"cs-food-menu-price\">6,1 KM<\/span>                        <\/div>                            <p class=\"cs-food-menu-details\">Avda. Juan XXIII 8 local Casarabonela   <\/p>                    <\/div>\n                <\/div>                <div class=\"cs-food-menu-item\">                    <div class=\"cs-food-menu-main\">\n                        <div class=\"cs-food-menu-header\">                            <h6 class=\"cs-food-menu-title\">                                <span class=\"title-wrap\">Consultorio Local Casarabonela\t\t\t\t\t\t\t\t<\/span>\t\t\t\t\t\t\t\t\t<span class=\"menu-label\">GP<\/span>                            <\/h6>\n                            <div class=\"cs-food-menu-lines\"><\/div><span class=\"cs-food-menu-price\">7,3 KM<\/span>                        <\/div>                            <p class=\"cs-food-menu-details\">Av. Fernando D\u00edaz Herrero, 2 Casarabonela <\/p>                    <\/div>\n                <\/div>                <div class=\"cs-food-menu-item\">                    <div class=\"cs-food-menu-main\">\n                        <div class=\"cs-food-menu-header\">                            <h6 class=\"cs-food-menu-title\">                                <span class=\"title-wrap\">HLA Hospital Universitario El \u00c1ngel\t\t\t\t\t\t\t\t<\/span>\t\t\t\t\t\t\t\t\t<span class=\"menu-label\">privado<\/span>                            <\/h6>\n                            <div class=\"cs-food-menu-lines\"><\/div><span class=\"cs-food-menu-price\">37,3 KM<\/span>                        <\/div>                            <p class=\"cs-food-menu-details\">C\/Corregidor Nicol\u00e1s Isidro 16 Ciudad de M\u00e1laga<\/p>                    <\/div>\n                <\/div>                <div class=\"cs-food-menu-item\">                    <div class=\"cs-food-menu-main\">\n                        <div class=\"cs-food-menu-header\">                            <h6 class=\"cs-food-menu-title\">                                <span class=\"title-wrap\">M\u00e9dico Internacional 24H\t\t\t\t\t\t\t\t<\/span>\t\t\t\t\t\t\t\t\t<span class=\"menu-label\">de habla inglesa<\/span>                            <\/h6>\n                            <div class=\"cs-food-menu-lines\"><\/div>                        <\/div>                            <p class=\"cs-food-menu-details\">+34 678 752 098<\/p>                    <\/div>\n                <\/div>                <div class=\"cs-food-menu-item\">                    <div class=\"cs-food-menu-main\">\n                        <div class=\"cs-food-menu-header\">                            <h6 class=\"cs-food-menu-title\">                                <span class=\"title-wrap\">N\u00famero de emergencia\t\t\t\t\t\t\t\t<\/span>                            <\/h6>\n                            <div class=\"cs-food-menu-lines\"><\/div>                        <\/div>                            <p class=\"cs-food-menu-details\">112<\/p>                    <\/div>\n                <\/div>            <\/div>\t\t\t\t<\/div>\n\t\t\t\t<\/div>\n\t\t\t\t\t<\/div>\n\t\t<\/div>\n\t\t\t\t\t<\/div>\n\t\t<\/section>\n\t\t\t\t<\/div>\n\t\t","protected":false},"excerpt":{"rendered":"<p>Informaci\u00f3n pr\u00e1ctica SUPERMERCADOS Aliprox 5,8 KM Calle Funcionario Paco Mutilado 5 Casarabonela Maskom One abierto domingo por la ma\u00f1ana 6,2 KM Av. de Juan XXIII 28 Casarabonela Efectivo fresco 9,7 KM Pl. Estaci\u00f3n 1 Pizarra Carrefour gran 20,6 KM Carretera Co\u00edn-C\u00e1rtama Km 1 Centro Comercial La Trocha Coin LIDL 21,6 KM Dehesa Baja, s\/n C\u00e1rtama &#8230;<\/p>\n","protected":false},"author":1,"featured_media":0,"parent":0,"menu_order":0,"comment_status":"closed","ping_status":"closed","template":"template-wide-content.php","meta":{"cozystay_single_page_hide_site_header":"","cozystay_single_page_site_header_source":"","cozystay_single_page_custom_site_header":"0","cozystay_single_page_custom_sticky_site_header":"0","cozystay_single_page_hide_page_title":"","cozystay_single_page_header_section_size":"","cozystay_single_page_header_background_color":"","cozystay_single_page_header_background_position_x":"center","cozystay_single_page_header_background_position_y":"center","cozystay_single_page_header_background_size":"cover","cozystay_single_page_header_background_repeat":"off","cozystay_single_page_header_background_scroll":"on","cozystay_single_page_header_text_color":"","cozystay_single_page_header_show_breadcrumb":"","cozystay_single_page_site_footer_hide_main":"","cozystay_single_custom_site_footer_main_source":"","cozystay_single_custom_site_footer_main":"0","cozystay_single_page_site_footer_hide_above":"","cozystay_single_custom_site_footer_above_source":"","cozystay_single_custom_site_footer_above":"0","cozystay_single_page_site_footer_hide_instagram":"","cozystay_single_page_site_footer_hide_bottom":"","cozystay_single_custom_mobile_menu_source":"","cozystay_single_custom_mobile_menu":"0","cozystay_single_custom_mobile_menu_animation":"","cozystay_single_custom_mobile_menu_width":"","cozystay_single_custom_mobile_menu_custom_width":375,"footnotes":""},"class_list":["post-5831","page","type-page","status-publish","hentry"],"_links":{"self":[{"href":"https:\/\/huertadelcura.es\/es\/wp-json\/wp\/v2\/pages\/5831","targetHints":{"allow":["GET"]}}],"collection":[{"href":"https:\/\/huertadelcura.es\/es\/wp-json\/wp\/v2\/pages"}],"about":[{"href":"https:\/\/huertadelcura.es\/es\/wp-json\/wp\/v2\/types\/page"}],"author":[{"embeddable":true,"href":"https:\/\/huertadelcura.es\/es\/wp-json\/wp\/v2\/users\/1"}],"replies":[{"embeddable":true,"href":"https:\/\/huertadelcura.es\/es\/wp-json\/wp\/v2\/comments?post=5831"}],"version-history":[{"count":2,"href":"https:\/\/huertadelcura.es\/es\/wp-json\/wp\/v2\/pages\/5831\/revisions"}],"predecessor-version":[{"id":5841,"href":"https:\/\/huertadelcura.es\/es\/wp-json\/wp\/v2\/pages\/5831\/revisions\/5841"}],"wp:attachment":[{"href":"https:\/\/huertadelcura.es\/es\/wp-json\/wp\/v2\/media?parent=5831"}],"curies":[{"name":"wp","href":"https:\/\/api.w.org\/{rel}","templated":true}]}}