{"id":5278,"date":"2025-02-06T11:16:46","date_gmt":"2025-02-06T11:16:46","guid":{"rendered":"https:\/\/huertadelcura.es\/golf\/"},"modified":"2025-04-10T09:58:27","modified_gmt":"2025-04-10T09:58:27","slug":"golf","status":"publish","type":"page","link":"https:\/\/huertadelcura.es\/es\/golf\/","title":{"rendered":"Golf"},"content":{"rendered":"\t\t<div data-elementor-type=\"wp-page\" data-elementor-id=\"5278\" class=\"elementor elementor-5278 elementor-2544\">\n\t\t\t\t\t\t<section class=\"elementor-section elementor-top-section elementor-element elementor-element-c90a5bd elementor-section-height-min-height cs-section-content-fullwidth cs-parallax-on-scroll cs_scroll_y_120 elementor-section-boxed elementor-section-height-default elementor-section-items-middle\" data-id=\"c90a5bd\" data-element_type=\"section\" data-e-type=\"section\" data-settings=\"{&quot;background_background&quot;:&quot;classic&quot;}\" data-cs-parallax-y=\"120\" style=\"background-image: none;\" data-cs-background-image=\"https:\/\/huertadelcura.es\/wp-content\/uploads\/2025\/03\/golf-andalusia-costa-del-sol-villa-huerta-del-cura.webp\" data-cs-background-image-alt-text=\"\">\n\t\t\t\t\t\t\t<div class=\"elementor-background-overlay\"><\/div>\n\t\t\t\t\t\t\t<div class=\"elementor-container elementor-column-gap-no\">\n\t\t\t\t\t<div class=\"elementor-column elementor-col-100 elementor-top-column elementor-element elementor-element-7d889b7 dark-color\" data-id=\"7d889b7\" data-element_type=\"column\" data-e-type=\"column\">\n\t\t\t<div class=\"elementor-widget-wrap elementor-element-populated\">\n\t\t\t\t\t\t<div class=\"elementor-element elementor-element-57ca99f elementor-widget elementor-widget-cs_title\" data-id=\"57ca99f\" data-element_type=\"widget\" data-e-type=\"widget\" data-widget_type=\"cs_title.default\">\n\t\t\t\t<div class=\"elementor-widget-container\">\n\t\t\t\t\t\n        <div class=\"cs-title-wrap text-center\">\t            <div class=\"cs-subtitle-wrap\"><span class=\"cs-subtitle color-white\">Actividad<\/span><\/div>\t            <h1 class=\"cs-title\">\n\t                Golf\t            <\/h1>        <\/div>\t\t\t\t<\/div>\n\t\t\t\t<\/div>\n\t\t\t\t\t<\/div>\n\t\t<\/div>\n\t\t\t\t\t<\/div>\n\t\t<\/section>\n\t\t\t\t<section class=\"elementor-section elementor-top-section elementor-element elementor-element-bdd7054 elementor-section-boxed elementor-section-height-default elementor-section-height-default\" data-id=\"bdd7054\" data-element_type=\"section\" data-e-type=\"section\">\n\t\t\t\t\t\t<div class=\"elementor-container elementor-column-gap-no\">\n\t\t\t\t\t<div class=\"elementor-column elementor-col-100 elementor-top-column elementor-element elementor-element-f24e1a1\" data-id=\"f24e1a1\" data-element_type=\"column\" data-e-type=\"column\">\n\t\t\t<div class=\"elementor-widget-wrap elementor-element-populated\">\n\t\t\t\t\t\t<div class=\"elementor-element elementor-element-95ac6fd elementor-widget elementor-widget-cs_title\" data-id=\"95ac6fd\" data-element_type=\"widget\" data-e-type=\"widget\" data-widget_type=\"cs_title.default\">\n\t\t\t\t<div class=\"elementor-widget-container\">\n\t\t\t\t\t\n        <div class=\"cs-title-wrap text-center\">\t            <div class=\"cs-subtitle-wrap\"><span class=\"cs-subtitle\">Golf en los alrededores de Casarabonela<\/span><\/div>\t            <h4 class=\"cs-title\">\n\t                Jugar al golf en la Costa del Sol\t            <\/h4>\t            <div class=\"cs-title-text\">\n\t                <p>Conocida como la \u00abCosta del Golf\u00bb, esta regi\u00f3n cuenta con m\u00e1s de 70 campos de primera categor\u00eda. Alojarte en Casarabonela te ofrece lo mejor de ambos mundos: tranquilidad y naturaleza, sin dejar de estar cerca de destinos de golf de primera categor\u00eda. <\/p>\t            <\/div>        <\/div>\t\t\t\t<\/div>\n\t\t\t\t<\/div>\n\t\t\t\t<div class=\"elementor-element elementor-element-b6a4684 cs-animation-small-offset elementor-invisible elementor-widget elementor-widget-cs_gallery\" data-id=\"b6a4684\" data-element_type=\"widget\" data-e-type=\"widget\" data-settings=\"{&quot;_animation&quot;:&quot;fadeInUp&quot;,&quot;_animation_delay&quot;:200}\" data-widget_type=\"cs_gallery.default\">\n\t\t\t\t<div class=\"elementor-widget-container\">\n\t\t\t\t\t\n            <div class=\"cs-gallery gap-5 gallery-grid grid-col-3\">\n                <div class=\"cs-gallery-wrap\">                    <div class=\"cs-gallery-item\"><img fetchpriority=\"high\" decoding=\"async\" width=\"500\" height=\"375\" src=\"https:\/\/huertadelcura.es\/wp-content\/uploads\/2025\/03\/lagos-entrada-villa-huerta-del-cura.webp\" class=\"attachment-cozystay_550x9999 size-cozystay_550x9999 wp-image-5478\" alt=\"\" srcset=\"https:\/\/huertadelcura.es\/wp-content\/uploads\/2025\/03\/lagos-entrada-villa-huerta-del-cura.webp 500w, https:\/\/huertadelcura.es\/wp-content\/uploads\/2025\/03\/lagos-entrada-villa-huerta-del-cura-300x225.webp 300w, https:\/\/huertadelcura.es\/wp-content\/uploads\/2025\/03\/lagos-entrada-villa-huerta-del-cura-370x278.webp 370w, https:\/\/huertadelcura.es\/wp-content\/uploads\/2025\/03\/lagos-entrada-villa-huerta-del-cura-255x191.webp 255w\" sizes=\"(max-width: 500px) 100vw, 500px\" \/>                    <\/div>                    <div class=\"cs-gallery-item\"><img decoding=\"async\" width=\"500\" height=\"375\" src=\"https:\/\/huertadelcura.es\/wp-content\/uploads\/2025\/03\/parador-malaga-villa-huerta-del-cura-costa-del-sol.webp\" class=\"attachment-cozystay_550x9999 size-cozystay_550x9999 wp-image-5475\" alt=\"\" srcset=\"https:\/\/huertadelcura.es\/wp-content\/uploads\/2025\/03\/parador-malaga-villa-huerta-del-cura-costa-del-sol.webp 500w, https:\/\/huertadelcura.es\/wp-content\/uploads\/2025\/03\/parador-malaga-villa-huerta-del-cura-costa-del-sol-300x225.webp 300w, https:\/\/huertadelcura.es\/wp-content\/uploads\/2025\/03\/parador-malaga-villa-huerta-del-cura-costa-del-sol-370x278.webp 370w, https:\/\/huertadelcura.es\/wp-content\/uploads\/2025\/03\/parador-malaga-villa-huerta-del-cura-costa-del-sol-255x191.webp 255w\" sizes=\"(max-width: 500px) 100vw, 500px\" \/>                    <\/div>                    <div class=\"cs-gallery-item\"><img decoding=\"async\" width=\"400\" height=\"300\" src=\"https:\/\/huertadelcura.es\/wp-content\/uploads\/2025\/03\/Guadalhorce-villa-huerta-cura-costa-del-sol-copy.webp\" class=\"attachment-cozystay_550x9999 size-cozystay_550x9999 wp-image-5472\" alt=\"\" srcset=\"https:\/\/huertadelcura.es\/wp-content\/uploads\/2025\/03\/Guadalhorce-villa-huerta-cura-costa-del-sol-copy.webp 400w, https:\/\/huertadelcura.es\/wp-content\/uploads\/2025\/03\/Guadalhorce-villa-huerta-cura-costa-del-sol-copy-300x225.webp 300w, https:\/\/huertadelcura.es\/wp-content\/uploads\/2025\/03\/Guadalhorce-villa-huerta-cura-costa-del-sol-copy-370x278.webp 370w, https:\/\/huertadelcura.es\/wp-content\/uploads\/2025\/03\/Guadalhorce-villa-huerta-cura-costa-del-sol-copy-255x191.webp 255w\" sizes=\"(max-width: 400px) 100vw, 400px\" \/>                    <\/div>                <\/div>\n            <\/div>\t\t\t\t<\/div>\n\t\t\t\t<\/div>\n\t\t\t\t\t<\/div>\n\t\t<\/div>\n\t\t\t\t\t<\/div>\n\t\t<\/section>\n\t\t\t\t<section class=\"elementor-section elementor-top-section elementor-element elementor-element-68275b8 elementor-section-boxed elementor-section-height-default elementor-section-height-default\" data-id=\"68275b8\" data-element_type=\"section\" data-e-type=\"section\">\n\t\t\t\t\t\t<div class=\"elementor-container elementor-column-gap-no\">\n\t\t\t\t\t<div class=\"elementor-column elementor-col-66 elementor-top-column elementor-element elementor-element-a4414f5\" data-id=\"a4414f5\" data-element_type=\"column\" data-e-type=\"column\">\n\t\t\t<div class=\"elementor-widget-wrap elementor-element-populated\">\n\t\t\t\t\t\t<div class=\"elementor-element elementor-element-154f24d elementor-widget elementor-widget-cs_title\" data-id=\"154f24d\" data-element_type=\"widget\" data-e-type=\"widget\" data-widget_type=\"cs_title.default\">\n\t\t\t\t<div class=\"elementor-widget-container\">\n\t\t\t\t\t\n        <div class=\"cs-title-wrap\">\t            <div class=\"cs-subtitle-wrap\"><span class=\"cs-subtitle\">golf<\/span><\/div>\t            <h4 class=\"cs-title\">\n\t                Los mejores campos de golf cerca de Villa Huerta del Cura\t            <\/h4>\t            <div class=\"cs-title-text\">\n\t                <p> <\/p><p><strong>1. Lauro Golf (aprox. 30 min en coche)<\/strong><br>Un campo de 27 hoyos muy bien cuidado, rodeado de olivos y colinas onduladas. Lauro Golf ofrece una mezcla de hoyos desafiantes y calles pintorescas, con una acogedora casa club y excelentes instalaciones de pr\u00e1cticas. <\/p><p><strong>2. Alhaur\u00edn Golf Resort (Aprox. 25 min en coche)<\/strong><br>Dise\u00f1ado por el legendario Seve Ballesteros, este campo de 18 hoyos ofrece impresionantes vistas de las monta\u00f1as y el Mediterr\u00e1neo. Un campo t\u00e9cnico y agradable, perfecto para los golfistas que buscan un reto. <\/p><p><strong>3. Real Guadalhorce Golf Club (Aprox. 28 min en coche)<\/strong><br>Un exclusivo campo de 18 hoyos con un aire cl\u00e1sico andaluz, que cuenta con amplias calles y una elegante casa club. Ideal tanto para el juego casual como para el competitivo. <\/p><p><strong>4. Parador de M\u00e1laga Golf (Aprox. 32 min en coche)<\/strong><br>Uno de los campos de golf m\u00e1s antiguos de la regi\u00f3n, este campo costero de 18 hoyos ofrece una combinaci\u00f3n \u00fanica de historia, naturaleza y vistas espectaculares sobre el Mediterr\u00e1neo.<\/p><p><strong>5. Mijas Golf (aprox. 40 min en coche)<\/strong><br>Uno de los destinos de golf m\u00e1s populares de la Costa del Sol, Mijas Golf cuenta con dos excelentes campos de 18 hoyos: <strong>Los Lagos<\/strong>, conocido por sus amplias calles y obst\u00e1culos de agua, y <strong>Los Olivos<\/strong>, un campo algo m\u00e1s t\u00e9cnico con greenes m\u00e1s peque\u00f1os y exuberante vegetaci\u00f3n. Ambos campos proporcionan una experiencia fant\u00e1stica a golfistas de todos los niveles. <\/p>\t            <\/div>        <\/div>\t\t\t\t<\/div>\n\t\t\t\t<\/div>\n\t\t\t\t\t<\/div>\n\t\t<\/div>\n\t\t\t\t<div class=\"elementor-column elementor-col-33 elementor-top-column elementor-element elementor-element-88eefae\" data-id=\"88eefae\" data-element_type=\"column\" data-e-type=\"column\" data-settings=\"{&quot;background_background&quot;:&quot;classic&quot;}\">\n\t\t\t<div class=\"elementor-widget-wrap\">\n\t\t\t\t\t\t\t<\/div>\n\t\t<\/div>\n\t\t\t\t\t<\/div>\n\t\t<\/section>\n\t\t\t\t<\/div>\n\t\t","protected":false},"excerpt":{"rendered":"<p>Actividad Golf Golf en los alrededores de Casarabonela Jugar al golf en la Costa del Sol Conocida como la &#8220;Costa del Golf&#8221;, esta regi\u00f3n cuenta con m\u00e1s de 70 campos de primera categor\u00eda. Alojarte en Casarabonela te ofrece lo mejor de ambos mundos: tranquilidad y naturaleza, sin dejar de estar cerca de destinos de golf &#8230;<\/p>\n","protected":false},"author":1,"featured_media":0,"parent":0,"menu_order":0,"comment_status":"closed","ping_status":"closed","template":"template-wide-content.php","meta":{"cozystay_single_page_hide_site_header":"","cozystay_single_page_site_header_source":"","cozystay_single_page_custom_site_header":"0","cozystay_single_page_custom_sticky_site_header":"0","cozystay_single_page_hide_page_title":"","cozystay_single_page_header_section_size":"","cozystay_single_page_header_background_color":"","cozystay_single_page_header_background_position_x":"center","cozystay_single_page_header_background_position_y":"center","cozystay_single_page_header_background_size":"cover","cozystay_single_page_header_background_repeat":"off","cozystay_single_page_header_background_scroll":"on","cozystay_single_page_header_text_color":"","cozystay_single_page_header_show_breadcrumb":"","cozystay_single_page_site_footer_hide_main":"","cozystay_single_custom_site_footer_main_source":"","cozystay_single_custom_site_footer_main":"0","cozystay_single_page_site_footer_hide_above":"","cozystay_single_custom_site_footer_above_source":"","cozystay_single_custom_site_footer_above":"0","cozystay_single_page_site_footer_hide_instagram":"","cozystay_single_page_site_footer_hide_bottom":"","cozystay_single_custom_mobile_menu_source":"","cozystay_single_custom_mobile_menu":"0","cozystay_single_custom_mobile_menu_animation":"","cozystay_single_custom_mobile_menu_width":"","cozystay_single_custom_mobile_menu_custom_width":375,"footnotes":""},"class_list":["post-5278","page","type-page","status-publish","hentry"],"_links":{"self":[{"href":"https:\/\/huertadelcura.es\/es\/wp-json\/wp\/v2\/pages\/5278","targetHints":{"allow":["GET"]}}],"collection":[{"href":"https:\/\/huertadelcura.es\/es\/wp-json\/wp\/v2\/pages"}],"about":[{"href":"https:\/\/huertadelcura.es\/es\/wp-json\/wp\/v2\/types\/page"}],"author":[{"embeddable":true,"href":"https:\/\/huertadelcura.es\/es\/wp-json\/wp\/v2\/users\/1"}],"replies":[{"embeddable":true,"href":"https:\/\/huertadelcura.es\/es\/wp-json\/wp\/v2\/comments?post=5278"}],"version-history":[{"count":3,"href":"https:\/\/huertadelcura.es\/es\/wp-json\/wp\/v2\/pages\/5278\/revisions"}],"predecessor-version":[{"id":5596,"href":"https:\/\/huertadelcura.es\/es\/wp-json\/wp\/v2\/pages\/5278\/revisions\/5596"}],"wp:attachment":[{"href":"https:\/\/huertadelcura.es\/es\/wp-json\/wp\/v2\/media?parent=5278"}],"curies":[{"name":"wp","href":"https:\/\/api.w.org\/{rel}","templated":true}]}}