{"id":4263,"date":"2025-03-05T13:08:11","date_gmt":"2025-03-05T13:08:11","guid":{"rendered":"http:\/\/new-site-huerta-2025.local\/terminos-y-condiciones\/"},"modified":"2025-04-10T10:11:38","modified_gmt":"2025-04-10T10:11:38","slug":"terminos-y-condiciones","status":"publish","type":"page","link":"https:\/\/huertadelcura.es\/es\/terminos-y-condiciones\/","title":{"rendered":"T\u00e9rminos y condiciones"},"content":{"rendered":"\n<p>CONDICIONES GENERALES HUERTA DEL CURA, CASARABONELA<\/p>\n\n<ol class=\"wp-block-list\">\n<li>Est\u00e1 prohibido fumar en toda la casa. Est\u00e1 permitido fumar fuera, en el patio. No tires las colillas al suelo, sino en los ceniceros previstos para ello.  <\/li>\n\n\n\n<li>Cuando salgas de casa, todas las puertas exteriores deben estar cerradas.<\/li>\n\n\n\n<li>Todos los gastos est\u00e1n incluidos en el precio del alquiler. Te pedimos que respetes el medio ambiente y hagas un uso consciente del agua y la energ\u00eda. No dejes el aire acondicionado (para refrigeraci\u00f3n y calefacci\u00f3n) encendido innecesariamente. En caso de consumo extremadamente alto, nos vemos obligados a cobrar un suplemento.   <\/li>\n\n\n\n<li>No tires nada en inodoros, ba\u00f1eras, lavabos u otros desag\u00fces (ni tampones, compresas, pa\u00f1ales, salvaslips&#8230;). Tampoco tires aceite de cocina, grasas, restos de comida o productos qu\u00edmicos por el desag\u00fce o en los inodoros. \u00a1Esto provoca graves atascos!  <\/li>\n\n\n\n<li>Utiliza las bolsas de basura adecuadas para los residuos. Mant\u00e9n separadas las botellas de vidrio y las de pl\u00e1stico. Las bolsas de basura deben depositarse en los contenedores de residuos de la v\u00eda p\u00fablica (las indicaciones est\u00e1n en la casa). No olvides vaciar las papeleras de las habitaciones, los aseos y el bar.   <\/li>\n\n\n\n<li>No se admiten animales en la casa.<\/li>\n\n\n\n<li>No abras habitaciones o armarios cerrados con llave y, por tanto, destinados a fines privados.<\/li>\n\n\n\n<li>Por favor, no muevas innecesariamente los muebles ni las camas.<\/li>\n\n\n\n<li>Las camas est\u00e1n hechas a la llegada. Utiliza siempre s\u00e1banas en las camas. Hay un juego de s\u00e1banas extra disponible en caso de emergencia.    <\/li>\n\n\n\n<li>Deja los distintos mandos a distancia en la zona o habitaci\u00f3n donde vayan a utilizarse.<\/li>\n\n\n\n<li>Aseg\u00farate de no causar molestias. Evita la contaminaci\u00f3n ac\u00fastica despu\u00e9s de las 22 h por respeto a los residentes locales y a la naturaleza. <\/li>\n\n\n\n<li>Informa inmediatamente de cualquier desperfecto a tu llegada y comun\u00edcalo en un plazo de 24 horas para que no se te considere responsable al final de tu estancia. Informa de cualquier desperfecto durante tu estancia en un plazo de 24 horas, para que se pueda arreglar la casa para los pr\u00f3ximos hu\u00e9spedes. <\/li>\n\n\n\n<li>Debes informar de cualquier queja inmediatamente (en un plazo m\u00e1ximo de 24 horas) despu\u00e9s de descubrirla.<\/li>\n\n\n\n<li>Cuando llegues a la casa, deber\u00e1s informarte a ti y a tu grupo de la v\u00eda de evacuaci\u00f3n, los extintores y los botones de emergencia que hay en la casa.<\/li>\n\n\n\n<li>Mant\u00e9n las salidas de emergencia libres de obst\u00e1culos. Util\u00edzala s\u00f3lo en caso de emergencia. <\/li>\n\n\n\n<li>Adem\u00e1s de estas normas de la casa, tambi\u00e9n se aplica la legislaci\u00f3n holandesa.<\/li>\n\n\n\n<li>A la salida, el inquilino debe dejar la casa en condiciones decentes. Esto significa: limpieza con escoba, eliminaci\u00f3n de residuos, muebles en su lugar original (como a la llegada) y vajilla guardada en los armarios adecuados. Si, despu\u00e9s de comprobarlo, esto no est\u00e1 en orden, se cobrar\u00e1 una cantidad extra. Este importe puede deducirse de la fianza.   <\/li>\n\n\n\n<li>Llegada \/ Salida: El d\u00eda de llegada, la casa est\u00e1 a tu disposici\u00f3n a partir de las 15 h. A la salida, te pedimos que desalojes la casa antes de las 11 de la ma\u00f1ana. <\/li>\n\n\n\n<li>Inventario: La casa se revisa despu\u00e9s de cada estancia para comprobar que no tiene defectos ni faltan objetos. Los inquilinos son responsables de los da\u00f1os causados por ellos mismos, por otros inquilinos o por los hu\u00e9spedes. Esto no incluye nimiedades, como cristales rotos.  <\/li>\n\n\n\n<li>El mobiliario: Los muebles de las instalaciones interiores no deben moverse ni trasladarse al exterior. Por favor, lleva los cojines de los asientos de los muebles de jard\u00edn al interior por la noche y cuando llueva. <\/li>\n\n\n\n<li>Barbacoa: Su uso es gratuito si la limpias t\u00fa mismo. La limpieza por nuestro equipo de limpieza cuesta 50 euros. <\/li>\n\n\n\n<li>No alquilamos a grupos de j\u00f3venes.<\/li>\n\n\n\n<li>Puedes hacer una reserva con nosotros por tel\u00e9fono, a trav\u00e9s de la p\u00e1gina web o por correo electr\u00f3nico. Confirmaremos tu reserva y la recepci\u00f3n del dep\u00f3sito en un plazo de 24 horas por correo electr\u00f3nico. A partir de ese momento, tu reserva es definitiva.  <\/li>\n\n\n\n<li>Nos reservamos el derecho a cancelar tu reserva si no cumples con el pago del dep\u00f3sito antes mencionado. Esto no te exime de tus obligaciones de pago. En caso de cancelaci\u00f3n por nuestra parte, se reembolsar\u00e1n las cantidades ya abonadas.  <\/li>\n\n\n\n<li>Pedimos una fianza de 500 \u20ac, que se te reembolsar\u00e1 en tu cuenta en el plazo de 2 d\u00edas laborables despu\u00e9s de la salida (tras la inspecci\u00f3n de nuestro personal), en cuanto todo est\u00e9 en orden en la casa de vacaciones.<\/li>\n\n\n\n<li><strong>Pol\u00edtica de cancelaci\u00f3n:<\/strong><\/li>\n<\/ol>\n\n<p>  &#8211; Cancelaci\u00f3n gratuita hasta 30 d\u00edas antes de la llegada.<br\/>&#8211; Si se cancela en los 30 d\u00edas anteriores a la llegada: reembolso del 50%.<br\/>&#8211; Si se cancela en los 14 d\u00edas anteriores a la llegada: no hay reembolso.<br\/>&#8211; Si no te presentas o te vas antes de tiempo: no hay reembolso<\/p>\n\n<p>27. Todos los gastos que surjan por no entregar la casa a tiempo, te ser\u00e1n cobrados. Los bienes que se encuentren despu\u00e9s de tu partida te ser\u00e1n guardados durante un periodo razonable, pero no asumiremos ninguna responsabilidad por ello. Los bienes se te pueden enviar a tu cargo.  <\/p>\n\n<p>28. Queda expresamente prohibido el subarriendo. La estancia de m\u00e1s personas en una casa de vacaciones de las acordadas en la reserva, o del n\u00famero m\u00e1ximo que se aplica a esa propiedad, est\u00e1 expresamente prohibida sin nuestro permiso, y puede dar lugar a la rescisi\u00f3n prematura del contrato de alquiler por nuestra parte, sin reembolso del alquiler. <\/p>\n\n<p>29. A la salida, no dejes alimentos ni otros enseres dom\u00e9sticos en los armarios (pueden dificultar la limpieza y atraer alima\u00f1as). El lavavajillas, el frigor\u00edfico y el congelador deben estar vac\u00edos a la salida. <\/p>\n\n<p>30. El arrendador tiene derecho a comprobar e inspeccionar la casa de vacaciones durante el periodo de alquiler.<\/p>\n\n<p>31. Si el arrendatario, los miembros de su familia, sus invitados o visitante(s) admitido(s) por \u00e9l no cumplen o no cumplen debidamente las obligaciones derivadas de los t\u00e9rminos y condiciones, las normas de conducta, las instrucciones del arrendador o de su sustituto o la normativa gubernamental, a pesar de cualquier advertencia previa, y hasta tal punto que, de acuerdo con las normas de razonabilidad y equidad, no se pueda exigir al arrendador que contin\u00fae con el arrendamiento, el arrendador o el observador designado por \u00e9l tiene derecho a rescindir el contrato con efecto inmediato, y al arrendatario y a denegar a los coocupantes el acceso a la vivienda, sin devoluci\u00f3n del alquiler. Esto incluye enf\u00e1ticamente no respetar el descanso nocturno o causar molestias innecesarias. <\/p>\n\n<p>32. Se te aconseja que inspecciones a fondo la casa de vacaciones y el inventario a tu llegada para comprobar que no haya defectos ni deficiencias. Si observas da\u00f1os o defectos, debes informar de ello inmediatamente al gestor de la casa. Si el da\u00f1o lo has causado t\u00fa y\/o no es consecuencia del uso o desgaste normal, te cobraremos los gastos de reparaci\u00f3n o sustituci\u00f3n.  <\/p>\n\n<p>33. No aceptamos ninguna responsabilidad por: Robo, p\u00e9rdida o da\u00f1os de cualquier tipo durante o como consecuencia de tu estancia en nuestra casa de vacaciones.  <\/p>\n\n<p>34. No aceptamos ninguna responsabilidad por: El fallo o incapacidad de los equipos t\u00e9cnicos, servicios p\u00fablicos y\/o instalaciones de la casa.  <\/p>\n\n<p>35. No aceptamos ninguna responsabilidad por: Calamidades, cualquiera que sea su forma, que puedan hacer desagradable tu estancia.  <\/p>\n\n<p>36. No aceptamos ninguna responsabilidad por: El arrendatario es responsable solidario de toda p\u00e9rdida y\/o da\u00f1o a la casa de vacaciones, al jard\u00edn y a su mobiliario (interior y exterior), y\/o a los bienes de la casa, si ello es consecuencia de un acto o negligencia por su parte o por parte de terceros que se encuentren en la casa y sus alrededores con su permiso.<\/p>\n\n<p>37. Aplicabilidad de las condiciones de alquiler: si el contrato de alquiler ha entrado en vigor (que es el caso en cuanto hayamos confirmado tu reserva; tomar una opci\u00f3n no se contempla aqu\u00ed), aceptas las condiciones de alquiler. El alquiler finaliza autom\u00e1ticamente tras la expiraci\u00f3n del periodo acordado. <\/p>\n\n<p>38. Con la reserva, el arrendatario declara haber le\u00eddo los T\u00e9rminos y Condiciones y las normas de la casa y estar de acuerdo con lo estipulado en ellos. El arrendatario recibir\u00e1 entonces la confirmaci\u00f3n con la factura (por correo electr\u00f3nico y\/o por correo postal). <\/p>\n\n<p>39. Legislaci\u00f3n aplicable: el contrato de alquiler se rige exclusivamente por la legislaci\u00f3n espa\u00f1ola.<\/p>\n\n<p><\/p>\n\n<p><\/p><h2>\u00bfNecesitas ayuda?<\/h2>\n\n<p>Ponte en contacto con nosotros en info@huertadelcura.es para cuestiones relacionadas con reembolsos y devoluciones.<\/p>\n\n<p><\/p>\n","protected":false},"excerpt":{"rendered":"<p>CONDICIONES GENERALES HUERTA DEL CURA, CASARABONELA &#8211; Cancelaci\u00f3n gratuita hasta 30 d\u00edas antes de la llegada.&#8211; Si se cancela en los 30 d\u00edas anteriores a la llegada: reembolso del 50%.&#8211; Si se cancela en los 14 d\u00edas anteriores a la llegada: no hay reembolso.&#8211; Si no te presentas o te vas antes de tiempo: no &#8230;<\/p>\n","protected":false},"author":1,"featured_media":3761,"parent":0,"menu_order":0,"comment_status":"closed","ping_status":"closed","template":"template-wide-content.php","meta":{"cozystay_single_page_hide_site_header":"","cozystay_single_page_site_header_source":"","cozystay_single_page_custom_site_header":"0","cozystay_single_page_custom_sticky_site_header":"0","cozystay_single_page_hide_page_title":"","cozystay_single_page_header_section_size":"","cozystay_single_page_header_background_color":"","cozystay_single_page_header_background_position_x":"center","cozystay_single_page_header_background_position_y":"center","cozystay_single_page_header_background_size":"cover","cozystay_single_page_header_background_repeat":"off","cozystay_single_page_header_background_scroll":"on","cozystay_single_page_header_text_color":"","cozystay_single_page_header_show_breadcrumb":"","cozystay_single_page_site_footer_hide_main":"","cozystay_single_custom_site_footer_main_source":"","cozystay_single_custom_site_footer_main":"0","cozystay_single_page_site_footer_hide_above":"","cozystay_single_custom_site_footer_above_source":"","cozystay_single_custom_site_footer_above":"0","cozystay_single_page_site_footer_hide_instagram":"","cozystay_single_page_site_footer_hide_bottom":"","cozystay_single_custom_mobile_menu_source":"","cozystay_single_custom_mobile_menu":"0","cozystay_single_custom_mobile_menu_animation":"","cozystay_single_custom_mobile_menu_width":"","cozystay_single_custom_mobile_menu_custom_width":375,"footnotes":""},"class_list":["post-4263","page","type-page","status-publish","has-post-thumbnail","hentry"],"_links":{"self":[{"href":"https:\/\/huertadelcura.es\/es\/wp-json\/wp\/v2\/pages\/4263","targetHints":{"allow":["GET"]}}],"collection":[{"href":"https:\/\/huertadelcura.es\/es\/wp-json\/wp\/v2\/pages"}],"about":[{"href":"https:\/\/huertadelcura.es\/es\/wp-json\/wp\/v2\/types\/page"}],"author":[{"embeddable":true,"href":"https:\/\/huertadelcura.es\/es\/wp-json\/wp\/v2\/users\/1"}],"replies":[{"embeddable":true,"href":"https:\/\/huertadelcura.es\/es\/wp-json\/wp\/v2\/comments?post=4263"}],"version-history":[{"count":2,"href":"https:\/\/huertadelcura.es\/es\/wp-json\/wp\/v2\/pages\/4263\/revisions"}],"predecessor-version":[{"id":4266,"href":"https:\/\/huertadelcura.es\/es\/wp-json\/wp\/v2\/pages\/4263\/revisions\/4266"}],"wp:featuredmedia":[{"embeddable":true,"href":"https:\/\/huertadelcura.es\/es\/wp-json\/wp\/v2\/media\/3761"}],"wp:attachment":[{"href":"https:\/\/huertadelcura.es\/es\/wp-json\/wp\/v2\/media?parent=4263"}],"curies":[{"name":"wp","href":"https:\/\/api.w.org\/{rel}","templated":true}]}}