{"id":4223,"date":"2025-02-09T09:48:48","date_gmt":"2025-02-09T09:48:48","guid":{"rendered":"http:\/\/new-site-huerta-2025.local\/senderismo\/"},"modified":"2025-04-10T09:58:00","modified_gmt":"2025-04-10T09:58:00","slug":"senderismo","status":"publish","type":"page","link":"https:\/\/huertadelcura.es\/es\/senderismo\/","title":{"rendered":"Senderismo"},"content":{"rendered":"\t\t<div data-elementor-type=\"wp-page\" data-elementor-id=\"4223\" class=\"elementor elementor-4223 elementor-2747\">\n\t\t\t\t\t\t<section class=\"elementor-section elementor-top-section elementor-element elementor-element-c90a5bd elementor-section-height-min-height cs-section-content-fullwidth cs-parallax-on-scroll cs_scroll_y_120 elementor-section-boxed elementor-section-height-default elementor-section-items-middle\" data-id=\"c90a5bd\" data-element_type=\"section\" data-e-type=\"section\" data-settings=\"{&quot;background_background&quot;:&quot;classic&quot;}\" data-cs-parallax-y=\"120\" style=\"background-image: none;\" data-cs-background-image=\"https:\/\/huertadelcura.es\/wp-content\/uploads\/2025\/03\/header-hiking-villa-huerta-del-cura-puerto-martinex-fuente.webp\" data-cs-background-image-alt-text=\"\">\n\t\t\t\t\t\t\t<div class=\"elementor-background-overlay\"><\/div>\n\t\t\t\t\t\t\t<div class=\"elementor-container elementor-column-gap-no\">\n\t\t\t\t\t<div class=\"elementor-column elementor-col-100 elementor-top-column elementor-element elementor-element-7d889b7 dark-color\" data-id=\"7d889b7\" data-element_type=\"column\" data-e-type=\"column\">\n\t\t\t<div class=\"elementor-widget-wrap elementor-element-populated\">\n\t\t\t\t\t\t<div class=\"elementor-element elementor-element-57ca99f elementor-widget elementor-widget-cs_title\" data-id=\"57ca99f\" data-element_type=\"widget\" data-e-type=\"widget\" data-widget_type=\"cs_title.default\">\n\t\t\t\t<div class=\"elementor-widget-container\">\n\t\t\t\t\t\n        <div class=\"cs-title-wrap text-center\">\t            <div class=\"cs-subtitle-wrap\"><span class=\"cs-subtitle color-white\">Actividad<\/span><\/div>\t            <h1 class=\"cs-title\">\n\t                Senderismo\t            <\/h1>        <\/div>\t\t\t\t<\/div>\n\t\t\t\t<\/div>\n\t\t\t\t\t<\/div>\n\t\t<\/div>\n\t\t\t\t\t<\/div>\n\t\t<\/section>\n\t\t\t\t<section class=\"elementor-section elementor-top-section elementor-element elementor-element-bdd7054 elementor-section-boxed elementor-section-height-default elementor-section-height-default\" data-id=\"bdd7054\" data-element_type=\"section\" data-e-type=\"section\">\n\t\t\t\t\t\t<div class=\"elementor-container elementor-column-gap-no\">\n\t\t\t\t\t<div class=\"elementor-column elementor-col-100 elementor-top-column elementor-element elementor-element-f24e1a1\" data-id=\"f24e1a1\" data-element_type=\"column\" data-e-type=\"column\">\n\t\t\t<div class=\"elementor-widget-wrap elementor-element-populated\">\n\t\t\t\t\t\t<div class=\"elementor-element elementor-element-95ac6fd elementor-widget elementor-widget-cs_title\" data-id=\"95ac6fd\" data-element_type=\"widget\" data-e-type=\"widget\" data-widget_type=\"cs_title.default\">\n\t\t\t\t<div class=\"elementor-widget-container\">\n\t\t\t\t\t\n        <div class=\"cs-title-wrap text-center\">\t            <div class=\"cs-subtitle-wrap\"><span class=\"cs-subtitle\">naturaleza<\/span><\/div>\t            <h4 class=\"cs-title\">\n\t                Casarabonela, para\u00edso de los excursionistas\t            <\/h4>\t            <div class=\"cs-title-text\">\n\t                <p>Casarabonela ofrece una variedad de rutas de senderismo que se adaptan tanto a senderistas principiantes como experimentados. Los diversos paisajes de la regi\u00f3n proporcionan rutas esc\u00e9nicas que muestran su belleza natural. Antes de salir, es esencial comprobar el estado actual de los senderos y las previsiones meteorol\u00f3gicas para garantizar una experiencia segura y agradable. Tambi\u00e9n se recomienda equiparse con el equipo de senderismo adecuado y llevar agua suficiente. Para obtener mapas detallados de senderos, rese\u00f1as e informaci\u00f3n adicional, plataformas como AllTrails y Wikiloc ofrecen valiosos recursos para mejorar tu aventura de senderismo en Casarabonela y sus alrededores.    <\/p>\t            <\/div>        <\/div>\t\t\t\t<\/div>\n\t\t\t\t<\/div>\n\t\t\t\t<div class=\"elementor-element elementor-element-b6a4684 cs-animation-small-offset elementor-invisible elementor-widget elementor-widget-cs_gallery\" data-id=\"b6a4684\" data-element_type=\"widget\" data-e-type=\"widget\" data-settings=\"{&quot;_animation&quot;:&quot;fadeInUp&quot;,&quot;_animation_delay&quot;:200}\" data-widget_type=\"cs_gallery.default\">\n\t\t\t\t<div class=\"elementor-widget-container\">\n\t\t\t\t\t\n            <div class=\"cs-gallery gap-5 gallery-grid grid-col-3\">\n                <div class=\"cs-gallery-wrap\">                    <div class=\"cs-gallery-item\"><img fetchpriority=\"high\" decoding=\"async\" width=\"300\" height=\"225\" src=\"https:\/\/huertadelcura.es\/wp-content\/uploads\/2025\/03\/view-casarabonela-walking-hiking-path-trail-track-villa-huerta-del-cura.webp\" class=\"attachment-cozystay_550x9999 size-cozystay_550x9999 wp-image-5424\" alt=\"\" srcset=\"https:\/\/huertadelcura.es\/wp-content\/uploads\/2025\/03\/view-casarabonela-walking-hiking-path-trail-track-villa-huerta-del-cura.webp 300w, https:\/\/huertadelcura.es\/wp-content\/uploads\/2025\/03\/view-casarabonela-walking-hiking-path-trail-track-villa-huerta-del-cura-255x191.webp 255w\" sizes=\"(max-width: 300px) 100vw, 300px\" \/>                    <\/div>                    <div class=\"cs-gallery-item\"><img decoding=\"async\" width=\"300\" height=\"225\" src=\"https:\/\/huertadelcura.es\/wp-content\/uploads\/2025\/03\/casarabonela-trails-villa-huerta-del-cura-track-alltrails-wikiloc.webp\" class=\"attachment-cozystay_550x9999 size-cozystay_550x9999 wp-image-5427\" alt=\"\" srcset=\"https:\/\/huertadelcura.es\/wp-content\/uploads\/2025\/03\/casarabonela-trails-villa-huerta-del-cura-track-alltrails-wikiloc.webp 300w, https:\/\/huertadelcura.es\/wp-content\/uploads\/2025\/03\/casarabonela-trails-villa-huerta-del-cura-track-alltrails-wikiloc-255x191.webp 255w\" sizes=\"(max-width: 300px) 100vw, 300px\" \/>                    <\/div>                    <div class=\"cs-gallery-item\"><img decoding=\"async\" width=\"300\" height=\"225\" src=\"https:\/\/huertadelcura.es\/wp-content\/uploads\/2025\/03\/trails-casarabonela-villa-huerta-del-cura-hiking.webp\" class=\"attachment-cozystay_550x9999 size-cozystay_550x9999 wp-image-5430\" alt=\"\" srcset=\"https:\/\/huertadelcura.es\/wp-content\/uploads\/2025\/03\/trails-casarabonela-villa-huerta-del-cura-hiking.webp 300w, https:\/\/huertadelcura.es\/wp-content\/uploads\/2025\/03\/trails-casarabonela-villa-huerta-del-cura-hiking-255x191.webp 255w\" sizes=\"(max-width: 300px) 100vw, 300px\" \/>                    <\/div>                <\/div>\n            <\/div>\t\t\t\t<\/div>\n\t\t\t\t<\/div>\n\t\t\t\t\t<\/div>\n\t\t<\/div>\n\t\t\t\t\t<\/div>\n\t\t<\/section>\n\t\t\t\t<section class=\"elementor-section elementor-top-section elementor-element elementor-element-68275b8 elementor-section-boxed elementor-section-height-default elementor-section-height-default\" data-id=\"68275b8\" data-element_type=\"section\" data-e-type=\"section\">\n\t\t\t\t\t\t<div class=\"elementor-container elementor-column-gap-no\">\n\t\t\t\t\t<div class=\"elementor-column elementor-col-66 elementor-top-column elementor-element elementor-element-a4414f5\" data-id=\"a4414f5\" data-element_type=\"column\" data-e-type=\"column\">\n\t\t\t<div class=\"elementor-widget-wrap elementor-element-populated\">\n\t\t\t\t\t\t<div class=\"elementor-element elementor-element-154f24d elementor-widget elementor-widget-cs_title\" data-id=\"154f24d\" data-element_type=\"widget\" data-e-type=\"widget\" data-widget_type=\"cs_title.default\">\n\t\t\t\t<div class=\"elementor-widget-container\">\n\t\t\t\t\t\n        <div class=\"cs-title-wrap\">\t            <div class=\"cs-subtitle-wrap\"><span class=\"cs-subtitle\">rutas de senderismo<\/span><\/div>\t            <h4 class=\"cs-title\">\n\t                \u00c9stos son algunos senderos destacados de la zona\t            <\/h4>\t            <div class=\"cs-title-text\">\n\t                <p> <\/p><p><strong>1. <\/strong><strong>Circuito Mirador del Tajo del Naranjal &#8211; Mirador del Llano Crist\u00f3bal<\/strong>: Esta ruta de nivel intermedio abarca aproximadamente 14,5 kil\u00f3metros y ofrece a los excursionistas vistas panor\u00e1micas desde dos miradores prominentes. El sendero est\u00e1 bien se\u00f1alizado y ofrece una mezcla de terrenos, por lo que es adecuado para quienes tengan una experiencia moderada en senderismo. <\/p><p><strong>2. <\/strong><strong>Pico Sierra<\/strong> Prieta: Para los excursionistas m\u00e1s experimentados que busquen un reto, este sendero de nivel experto recorre unos 19 kil\u00f3metros y asciende hasta la cima del Pico Sierra Prieta. La ruta es conocida por sus tramos empinados y requiere buena forma f\u00edsica y seguridad. Los excursionistas se ven recompensados con amplias vistas de la regi\u00f3n circundante al llegar a la cima.  <\/p><p><strong>3. <\/strong><strong>Tajo San Francisco<\/strong>: Esta ruta lineal de reciente creaci\u00f3n, inaugurada en 2022, parte de la Ermita del Calvario y se extiende aproximadamente 6,9 kil\u00f3metros. Es un sendero bien se\u00f1alizado que ofrece vistas panor\u00e1micas y es apto para excursionistas de distintos niveles de habilidad. <\/p><p><strong>4. <\/strong><strong>Camino de la Dehesa &#8211; Fuente de Los Hornaos PR-A 270<\/strong>: Esta ruta circular comienza en el aparcamiento principal de Casarabonela y recorre unos 8,5 kil\u00f3metros. El sendero presenta un desnivel acumulado de unos 580 metros y es conocido por su belleza paisaj\u00edstica. <\/p><p><strong>5. <\/strong><strong>Sendero Puerto Mart\u00ednez &#8211; Fuente Madrid SL-A 309<\/strong>: Partiendo de Puerto Mart\u00ednez, este sendero ofrece a los excursionistas una experiencia moderadamente desafiante con vistas gratificantes.<\/p>\t            <\/div>        <\/div>\t\t\t\t<\/div>\n\t\t\t\t<\/div>\n\t\t\t\t\t<\/div>\n\t\t<\/div>\n\t\t\t\t<div class=\"elementor-column elementor-col-33 elementor-top-column elementor-element elementor-element-88eefae\" data-id=\"88eefae\" data-element_type=\"column\" data-e-type=\"column\" data-settings=\"{&quot;background_background&quot;:&quot;classic&quot;}\">\n\t\t\t<div class=\"elementor-widget-wrap\">\n\t\t\t\t\t\t\t<\/div>\n\t\t<\/div>\n\t\t\t\t\t<\/div>\n\t\t<\/section>\n\t\t\t\t<\/div>\n\t\t","protected":false},"excerpt":{"rendered":"<p>Actividad Senderismo naturaleza Casarabonela, para\u00edso de los excursionistas Casarabonela ofrece una variedad de rutas de senderismo que se adaptan tanto a senderistas principiantes como experimentados. Los diversos paisajes de la regi\u00f3n proporcionan rutas esc\u00e9nicas que muestran su belleza natural. Antes de salir, es esencial comprobar el estado actual de los senderos y las previsiones meteorol\u00f3gicas &#8230;<\/p>\n","protected":false},"author":1,"featured_media":0,"parent":0,"menu_order":0,"comment_status":"closed","ping_status":"closed","template":"template-wide-content.php","meta":{"cozystay_single_page_hide_site_header":"","cozystay_single_page_site_header_source":"","cozystay_single_page_custom_site_header":"0","cozystay_single_page_custom_sticky_site_header":"0","cozystay_single_page_hide_page_title":"","cozystay_single_page_header_section_size":"","cozystay_single_page_header_background_color":"","cozystay_single_page_header_background_position_x":"center","cozystay_single_page_header_background_position_y":"center","cozystay_single_page_header_background_size":"cover","cozystay_single_page_header_background_repeat":"off","cozystay_single_page_header_background_scroll":"on","cozystay_single_page_header_text_color":"","cozystay_single_page_header_show_breadcrumb":"","cozystay_single_page_site_footer_hide_main":"","cozystay_single_custom_site_footer_main_source":"","cozystay_single_custom_site_footer_main":"0","cozystay_single_page_site_footer_hide_above":"","cozystay_single_custom_site_footer_above_source":"","cozystay_single_custom_site_footer_above":"0","cozystay_single_page_site_footer_hide_instagram":"","cozystay_single_page_site_footer_hide_bottom":"","cozystay_single_custom_mobile_menu_source":"","cozystay_single_custom_mobile_menu":"0","cozystay_single_custom_mobile_menu_animation":"","cozystay_single_custom_mobile_menu_width":"","cozystay_single_custom_mobile_menu_custom_width":375,"footnotes":""},"class_list":["post-4223","page","type-page","status-publish","hentry"],"_links":{"self":[{"href":"https:\/\/huertadelcura.es\/es\/wp-json\/wp\/v2\/pages\/4223","targetHints":{"allow":["GET"]}}],"collection":[{"href":"https:\/\/huertadelcura.es\/es\/wp-json\/wp\/v2\/pages"}],"about":[{"href":"https:\/\/huertadelcura.es\/es\/wp-json\/wp\/v2\/types\/page"}],"author":[{"embeddable":true,"href":"https:\/\/huertadelcura.es\/es\/wp-json\/wp\/v2\/users\/1"}],"replies":[{"embeddable":true,"href":"https:\/\/huertadelcura.es\/es\/wp-json\/wp\/v2\/comments?post=4223"}],"version-history":[{"count":3,"href":"https:\/\/huertadelcura.es\/es\/wp-json\/wp\/v2\/pages\/4223\/revisions"}],"predecessor-version":[{"id":5441,"href":"https:\/\/huertadelcura.es\/es\/wp-json\/wp\/v2\/pages\/4223\/revisions\/5441"}],"wp:attachment":[{"href":"https:\/\/huertadelcura.es\/es\/wp-json\/wp\/v2\/media?parent=4223"}],"curies":[{"name":"wp","href":"https:\/\/api.w.org\/{rel}","templated":true}]}}