{"id":4211,"date":"2025-02-08T21:05:54","date_gmt":"2025-02-08T21:05:54","guid":{"rendered":"http:\/\/new-site-huerta-2025.local\/caminito-del-rey\/"},"modified":"2025-04-10T10:18:00","modified_gmt":"2025-04-10T10:18:00","slug":"caminito-del-rey","status":"publish","type":"page","link":"https:\/\/huertadelcura.es\/es\/caminito-del-rey\/","title":{"rendered":"Caminito del Rey"},"content":{"rendered":"\t\t<div data-elementor-type=\"wp-page\" data-elementor-id=\"4211\" class=\"elementor elementor-4211 elementor-2701\">\n\t\t\t\t\t\t<section class=\"elementor-section elementor-top-section elementor-element elementor-element-c90a5bd elementor-section-height-min-height cs-section-content-fullwidth cs-parallax-on-scroll cs_scroll_y_120 elementor-section-boxed elementor-section-height-default elementor-section-items-middle\" data-id=\"c90a5bd\" data-element_type=\"section\" data-e-type=\"section\" data-settings=\"{&quot;background_background&quot;:&quot;classic&quot;}\" data-cs-parallax-y=\"120\" style=\"background-image: none;\" data-cs-background-image=\"https:\/\/huertadelcura.es\/wp-content\/uploads\/2025\/03\/carminito-del-rey-malaga-villa-huerta-del-cura-copy.webp\" data-cs-background-image-alt-text=\"\">\n\t\t\t\t\t\t\t<div class=\"elementor-background-overlay\"><\/div>\n\t\t\t\t\t\t\t<div class=\"elementor-container elementor-column-gap-no\">\n\t\t\t\t\t<div class=\"elementor-column elementor-col-100 elementor-top-column elementor-element elementor-element-7d889b7 dark-color\" data-id=\"7d889b7\" data-element_type=\"column\" data-e-type=\"column\">\n\t\t\t<div class=\"elementor-widget-wrap elementor-element-populated\">\n\t\t\t\t\t\t<div class=\"elementor-element elementor-element-57ca99f elementor-widget elementor-widget-cs_title\" data-id=\"57ca99f\" data-element_type=\"widget\" data-e-type=\"widget\" data-widget_type=\"cs_title.default\">\n\t\t\t\t<div class=\"elementor-widget-container\">\n\t\t\t\t\t\n        <div class=\"cs-title-wrap text-center\">\t            <div class=\"cs-subtitle-wrap\"><span class=\"cs-subtitle color-white\">Actividad<\/span><\/div>\t            <h1 class=\"cs-title\">\n\t                Caminito del Rey\t            <\/h1>        <\/div>\t\t\t\t<\/div>\n\t\t\t\t<\/div>\n\t\t\t\t\t<\/div>\n\t\t<\/div>\n\t\t\t\t\t<\/div>\n\t\t<\/section>\n\t\t\t\t<section class=\"elementor-section elementor-top-section elementor-element elementor-element-bdd7054 elementor-section-boxed elementor-section-height-default elementor-section-height-default\" data-id=\"bdd7054\" data-element_type=\"section\" data-e-type=\"section\">\n\t\t\t\t\t\t<div class=\"elementor-container elementor-column-gap-no\">\n\t\t\t\t\t<div class=\"elementor-column elementor-col-100 elementor-top-column elementor-element elementor-element-f24e1a1\" data-id=\"f24e1a1\" data-element_type=\"column\" data-e-type=\"column\">\n\t\t\t<div class=\"elementor-widget-wrap elementor-element-populated\">\n\t\t\t\t\t\t<div class=\"elementor-element elementor-element-95ac6fd elementor-widget elementor-widget-cs_title\" data-id=\"95ac6fd\" data-element_type=\"widget\" data-e-type=\"widget\" data-widget_type=\"cs_title.default\">\n\t\t\t\t<div class=\"elementor-widget-container\">\n\t\t\t\t\t\n        <div class=\"cs-title-wrap text-center\">\t            <div class=\"cs-subtitle-wrap\"><span class=\"cs-subtitle\">Aventura<\/span><\/div>\t            <h4 class=\"cs-title\">\n\t                El Caminito del Rey\t            <\/h4>\t            <div class=\"cs-title-text\">\n\t                <p>est\u00e1 a s\u00f3lo 45 minutos de la Villa. Un sendero de 8 kil\u00f3metros famoso por sus espectaculares pasarelas suspendidas a m\u00e1s de 100 metros sobre el r\u00edo Guadalhorce. Considerado en su d\u00eda uno de los senderos m\u00e1s peligrosos del mundo, ha sido meticulosamente restaurado y ahora ofrece una experiencia de senderismo segura pero emocionante a trav\u00e9s del Desfiladero de los Gaitanes. La ruta ofrece vistas impresionantes de acantilados escarpados, ca\u00f1ones y fauna diversa, como alimoches y \u00e1guilas reales.   <\/p>\t            <\/div>        <\/div>\t\t\t\t<\/div>\n\t\t\t\t<\/div>\n\t\t\t\t<div class=\"elementor-element elementor-element-b6a4684 cs-animation-small-offset elementor-invisible elementor-widget elementor-widget-cs_gallery\" data-id=\"b6a4684\" data-element_type=\"widget\" data-e-type=\"widget\" data-settings=\"{&quot;_animation&quot;:&quot;fadeInUp&quot;,&quot;_animation_delay&quot;:200}\" data-widget_type=\"cs_gallery.default\">\n\t\t\t\t<div class=\"elementor-widget-container\">\n\t\t\t\t\t\n            <div class=\"cs-gallery gap-5 gallery-grid grid-col-3\">\n                <div class=\"cs-gallery-wrap\">                    <div class=\"cs-gallery-item\"><img fetchpriority=\"high\" decoding=\"async\" width=\"500\" height=\"333\" src=\"https:\/\/huertadelcura.es\/wp-content\/uploads\/2025\/03\/caminito-del-rey-entrance.webp\" class=\"attachment-cozystay_550x9999 size-cozystay_550x9999 wp-image-5494\" alt=\"\" srcset=\"https:\/\/huertadelcura.es\/wp-content\/uploads\/2025\/03\/caminito-del-rey-entrance.webp 500w, https:\/\/huertadelcura.es\/wp-content\/uploads\/2025\/03\/caminito-del-rey-entrance-300x200.webp 300w, https:\/\/huertadelcura.es\/wp-content\/uploads\/2025\/03\/caminito-del-rey-entrance-370x246.webp 370w, https:\/\/huertadelcura.es\/wp-content\/uploads\/2025\/03\/caminito-del-rey-entrance-255x170.webp 255w\" sizes=\"(max-width: 500px) 100vw, 500px\" \/>                    <\/div>                    <div class=\"cs-gallery-item\"><img decoding=\"async\" width=\"500\" height=\"333\" src=\"https:\/\/huertadelcura.es\/wp-content\/uploads\/2025\/03\/caminito-del-rey-malaga-casarabonela-villa-huerta-del-cura-adventure.webp\" class=\"attachment-cozystay_550x9999 size-cozystay_550x9999 wp-image-5491\" alt=\"\" srcset=\"https:\/\/huertadelcura.es\/wp-content\/uploads\/2025\/03\/caminito-del-rey-malaga-casarabonela-villa-huerta-del-cura-adventure.webp 500w, https:\/\/huertadelcura.es\/wp-content\/uploads\/2025\/03\/caminito-del-rey-malaga-casarabonela-villa-huerta-del-cura-adventure-300x200.webp 300w, https:\/\/huertadelcura.es\/wp-content\/uploads\/2025\/03\/caminito-del-rey-malaga-casarabonela-villa-huerta-del-cura-adventure-370x246.webp 370w, https:\/\/huertadelcura.es\/wp-content\/uploads\/2025\/03\/caminito-del-rey-malaga-casarabonela-villa-huerta-del-cura-adventure-255x170.webp 255w\" sizes=\"(max-width: 500px) 100vw, 500px\" \/>                    <\/div>                    <div class=\"cs-gallery-item\"><img decoding=\"async\" width=\"500\" height=\"334\" src=\"https:\/\/huertadelcura.es\/wp-content\/uploads\/2025\/03\/path-caminitodel-rey-villa-huerta-del-cura.webp\" class=\"attachment-cozystay_550x9999 size-cozystay_550x9999 wp-image-5497\" alt=\"\" srcset=\"https:\/\/huertadelcura.es\/wp-content\/uploads\/2025\/03\/path-caminitodel-rey-villa-huerta-del-cura.webp 500w, https:\/\/huertadelcura.es\/wp-content\/uploads\/2025\/03\/path-caminitodel-rey-villa-huerta-del-cura-300x200.webp 300w, https:\/\/huertadelcura.es\/wp-content\/uploads\/2025\/03\/path-caminitodel-rey-villa-huerta-del-cura-370x247.webp 370w, https:\/\/huertadelcura.es\/wp-content\/uploads\/2025\/03\/path-caminitodel-rey-villa-huerta-del-cura-255x170.webp 255w\" sizes=\"(max-width: 500px) 100vw, 500px\" \/>                    <\/div>                <\/div>\n            <\/div>\t\t\t\t<\/div>\n\t\t\t\t<\/div>\n\t\t\t\t\t<\/div>\n\t\t<\/div>\n\t\t\t\t\t<\/div>\n\t\t<\/section>\n\t\t\t\t<section class=\"elementor-section elementor-top-section elementor-element elementor-element-68275b8 elementor-section-boxed elementor-section-height-default elementor-section-height-default\" data-id=\"68275b8\" data-element_type=\"section\" data-e-type=\"section\">\n\t\t\t\t\t\t<div class=\"elementor-container elementor-column-gap-no\">\n\t\t\t\t\t<div class=\"elementor-column elementor-col-66 elementor-top-column elementor-element elementor-element-a4414f5\" data-id=\"a4414f5\" data-element_type=\"column\" data-e-type=\"column\">\n\t\t\t<div class=\"elementor-widget-wrap elementor-element-populated\">\n\t\t\t\t\t\t<div class=\"elementor-element elementor-element-154f24d elementor-widget elementor-widget-cs_title\" data-id=\"154f24d\" data-element_type=\"widget\" data-e-type=\"widget\" data-widget_type=\"cs_title.default\">\n\t\t\t\t<div class=\"elementor-widget-container\">\n\t\t\t\t\t\n        <div class=\"cs-title-wrap\">\t            <div class=\"cs-subtitle-wrap\"><span class=\"cs-subtitle\">golf<\/span><\/div>\t            <h4 class=\"cs-title\">\n\t                Cinco puntos clave sobre el Caminito del Rey\t            <\/h4>\t            <div class=\"cs-title-text\">\n\t                <p> <\/p><p><strong>1. <\/strong><strong>Finalidad hist\u00f3rica<\/strong>: Construido entre 1901 y 1905, el Caminito del Rey se construy\u00f3 originalmente para facilitar el acceso de los trabajadores a la central hidroel\u00e9ctrica de El Chorro.  <\/p><p><strong>2. <\/strong><strong>Origen del nombre<\/strong>: El camino obtuvo su nombre, que se traduce como \u00abCaminito del Rey\u00bb, despu\u00e9s de que el rey Alfonso XIII lo recorriera durante la inauguraci\u00f3n del embalse del Guadalhorce en 1921.<\/p><p><strong>3. <\/strong><strong>Restauraci\u00f3n y seguridad<\/strong>: Tras a\u00f1os de mal estado y fama de caminata peligrosa, el Caminito del Rey se someti\u00f3 a extensas renovaciones y reabri\u00f3 en 2015 como atracci\u00f3n tur\u00edstica segura y popular.  <\/p><p><strong>4. <\/strong><strong>Caracter\u00edsticas geogr\u00e1ficas<\/strong>: El sendero tiene una longitud aproximada de 7,7 kil\u00f3metros, con pasarelas suspendidas a m\u00e1s de 100 metros sobre el r\u00edo Guadalhorce, que ofrecen a los excursionistas unas vistas impresionantes de las gargantas y los paisajes naturales de los alrededores.<\/p><p><strong>5. <\/strong><strong>Experiencia de los visitantes<\/strong>: Hoy en d\u00eda, el Caminito del Rey es un sendero bien mantenido y seguro que atrae a numerosos visitantes en busca de aventura y belleza paisaj\u00edstica.<\/p>\t            <\/div>        <\/div>\t\t\t\t<\/div>\n\t\t\t\t<\/div>\n\t\t\t\t\t<\/div>\n\t\t<\/div>\n\t\t\t\t<div class=\"elementor-column elementor-col-33 elementor-top-column elementor-element elementor-element-88eefae\" data-id=\"88eefae\" data-element_type=\"column\" data-e-type=\"column\" data-settings=\"{&quot;background_background&quot;:&quot;classic&quot;}\">\n\t\t\t<div class=\"elementor-widget-wrap\">\n\t\t\t\t\t\t\t<\/div>\n\t\t<\/div>\n\t\t\t\t\t<\/div>\n\t\t<\/section>\n\t\t\t\t<\/div>\n\t\t","protected":false},"excerpt":{"rendered":"<p>Actividad Caminito del Rey Aventura El Caminito del Rey est\u00e1 a s\u00f3lo 45 minutos de la Villa. Un sendero de 8 kil\u00f3metros famoso por sus espectaculares pasarelas suspendidas a m\u00e1s de 100 metros sobre el r\u00edo Guadalhorce. Considerado en su d\u00eda uno de los senderos m\u00e1s peligrosos del mundo, ha sido meticulosamente restaurado y ahora &#8230;<\/p>\n","protected":false},"author":1,"featured_media":0,"parent":0,"menu_order":0,"comment_status":"closed","ping_status":"closed","template":"template-wide-content.php","meta":{"cozystay_single_page_hide_site_header":"","cozystay_single_page_site_header_source":"","cozystay_single_page_custom_site_header":"0","cozystay_single_page_custom_sticky_site_header":"0","cozystay_single_page_hide_page_title":"","cozystay_single_page_header_section_size":"","cozystay_single_page_header_background_color":"","cozystay_single_page_header_background_position_x":"center","cozystay_single_page_header_background_position_y":"center","cozystay_single_page_header_background_size":"cover","cozystay_single_page_header_background_repeat":"off","cozystay_single_page_header_background_scroll":"on","cozystay_single_page_header_text_color":"","cozystay_single_page_header_show_breadcrumb":"","cozystay_single_page_site_footer_hide_main":"","cozystay_single_custom_site_footer_main_source":"","cozystay_single_custom_site_footer_main":"0","cozystay_single_page_site_footer_hide_above":"","cozystay_single_custom_site_footer_above_source":"","cozystay_single_custom_site_footer_above":"0","cozystay_single_page_site_footer_hide_instagram":"","cozystay_single_page_site_footer_hide_bottom":"","cozystay_single_custom_mobile_menu_source":"","cozystay_single_custom_mobile_menu":"0","cozystay_single_custom_mobile_menu_animation":"","cozystay_single_custom_mobile_menu_width":"","cozystay_single_custom_mobile_menu_custom_width":375,"footnotes":""},"class_list":["post-4211","page","type-page","status-publish","hentry"],"_links":{"self":[{"href":"https:\/\/huertadelcura.es\/es\/wp-json\/wp\/v2\/pages\/4211","targetHints":{"allow":["GET"]}}],"collection":[{"href":"https:\/\/huertadelcura.es\/es\/wp-json\/wp\/v2\/pages"}],"about":[{"href":"https:\/\/huertadelcura.es\/es\/wp-json\/wp\/v2\/types\/page"}],"author":[{"embeddable":true,"href":"https:\/\/huertadelcura.es\/es\/wp-json\/wp\/v2\/users\/1"}],"replies":[{"embeddable":true,"href":"https:\/\/huertadelcura.es\/es\/wp-json\/wp\/v2\/comments?post=4211"}],"version-history":[{"count":5,"href":"https:\/\/huertadelcura.es\/es\/wp-json\/wp\/v2\/pages\/4211\/revisions"}],"predecessor-version":[{"id":5564,"href":"https:\/\/huertadelcura.es\/es\/wp-json\/wp\/v2\/pages\/4211\/revisions\/5564"}],"wp:attachment":[{"href":"https:\/\/huertadelcura.es\/es\/wp-json\/wp\/v2\/media?parent=4211"}],"curies":[{"name":"wp","href":"https:\/\/api.w.org\/{rel}","templated":true}]}}