{"id":4202,"date":"2025-02-09T12:15:43","date_gmt":"2025-02-09T12:15:43","guid":{"rendered":"http:\/\/new-site-huerta-2025.local\/cata-de-vinos\/"},"modified":"2025-03-25T15:57:43","modified_gmt":"2025-03-25T15:57:43","slug":"cata-de-vinos","status":"publish","type":"page","link":"https:\/\/huertadelcura.es\/es\/cata-de-vinos\/","title":{"rendered":"Cata de vinos"},"content":{"rendered":"\t\t<div data-elementor-type=\"wp-page\" data-elementor-id=\"4202\" class=\"elementor elementor-4202 elementor-2794\">\n\t\t\t\t\t\t<section class=\"elementor-section elementor-top-section elementor-element elementor-element-c90a5bd elementor-section-height-min-height cs-section-content-fullwidth cs-parallax-on-scroll cs_scroll_y_120 elementor-section-boxed elementor-section-height-default elementor-section-items-middle\" data-id=\"c90a5bd\" data-element_type=\"section\" data-e-type=\"section\" data-settings=\"{&quot;background_background&quot;:&quot;classic&quot;}\" data-cs-parallax-y=\"120\" style=\"background-image: none;\" data-cs-background-image=\"https:\/\/huertadelcura.es\/wp-content\/uploads\/2025\/03\/header-wine-tasting-malaga-villa-huerta-del-cura.webp\" data-cs-background-image-alt-text=\"\">\n\t\t\t\t\t\t\t<div class=\"elementor-background-overlay\"><\/div>\n\t\t\t\t\t\t\t<div class=\"elementor-container elementor-column-gap-no\">\n\t\t\t\t\t<div class=\"elementor-column elementor-col-100 elementor-top-column elementor-element elementor-element-7d889b7 dark-color\" data-id=\"7d889b7\" data-element_type=\"column\" data-e-type=\"column\">\n\t\t\t<div class=\"elementor-widget-wrap elementor-element-populated\">\n\t\t\t\t\t\t<div class=\"elementor-element elementor-element-57ca99f elementor-widget elementor-widget-cs_title\" data-id=\"57ca99f\" data-element_type=\"widget\" data-e-type=\"widget\" data-widget_type=\"cs_title.default\">\n\t\t\t\t<div class=\"elementor-widget-container\">\n\t\t\t\t\t\n        <div class=\"cs-title-wrap text-center\">\t            <div class=\"cs-subtitle-wrap\"><span class=\"cs-subtitle color-white\">Actividad<\/span><\/div>\t            <h1 class=\"cs-title\">\n\t                Cata de vinos\t            <\/h1>        <\/div>\t\t\t\t<\/div>\n\t\t\t\t<\/div>\n\t\t\t\t\t<\/div>\n\t\t<\/div>\n\t\t\t\t\t<\/div>\n\t\t<\/section>\n\t\t\t\t<section class=\"elementor-section elementor-top-section elementor-element elementor-element-bdd7054 elementor-section-boxed elementor-section-height-default elementor-section-height-default\" data-id=\"bdd7054\" data-element_type=\"section\" data-e-type=\"section\">\n\t\t\t\t\t\t<div class=\"elementor-container elementor-column-gap-no\">\n\t\t\t\t\t<div class=\"elementor-column elementor-col-100 elementor-top-column elementor-element elementor-element-f24e1a1\" data-id=\"f24e1a1\" data-element_type=\"column\" data-e-type=\"column\">\n\t\t\t<div class=\"elementor-widget-wrap elementor-element-populated\">\n\t\t\t\t\t\t<div class=\"elementor-element elementor-element-95ac6fd elementor-widget elementor-widget-cs_title\" data-id=\"95ac6fd\" data-element_type=\"widget\" data-e-type=\"widget\" data-widget_type=\"cs_title.default\">\n\t\t\t\t<div class=\"elementor-widget-container\">\n\t\t\t\t\t\n        <div class=\"cs-title-wrap text-center\">\t            <div class=\"cs-subtitle-wrap\"><span class=\"cs-subtitle\">cata de vinos<\/span><\/div>\t            <h4 class=\"cs-title\">\n\t                Cata de vinos en Andaluc\u00eda\t            <\/h4>\t            <div class=\"cs-title-text\">\n\t                <p>Aunque Casarabonela no produce vino en la actualidad, cuenta con una rica historia vitivin\u00edcola que se remonta a la \u00e9poca romana. Conocida entonces como \u00abCastra Vinaria\u00bb, que significa \u00abfortaleza del vino\u00bb, el nombre del pueblo refleja la importancia de la producci\u00f3n vin\u00edcola en la zona. <\/p><p>Durante la \u00e9poca romana, Casarabonela fue un importante centro de viticultura, ya que sus f\u00e9rtiles laderas eran ideales para el cultivo de la vid. Los romanos establecieron una calzada pavimentada que conectaba M\u00e1laga con Ronda, facilitando el comercio y la exportaci\u00f3n de vino. <\/p><p>Hoy en d\u00eda, aunque Casarabonela ya no produce vino, su vinculaci\u00f3n hist\u00f3rica con la viticultura sigue siendo testimonio de su rico patrimonio cultural.<\/p>\t            <\/div>        <\/div>\t\t\t\t<\/div>\n\t\t\t\t<\/div>\n\t\t\t\t<div class=\"elementor-element elementor-element-b6a4684 cs-animation-small-offset elementor-invisible elementor-widget elementor-widget-cs_gallery\" data-id=\"b6a4684\" data-element_type=\"widget\" data-e-type=\"widget\" data-settings=\"{&quot;_animation&quot;:&quot;fadeInUp&quot;,&quot;_animation_delay&quot;:200}\" data-widget_type=\"cs_gallery.default\">\n\t\t\t\t<div class=\"elementor-widget-container\">\n\t\t\t\t\t\n            <div class=\"cs-gallery gap-5 gallery-grid grid-col-3\">\n                <div class=\"cs-gallery-wrap\">                    <div class=\"cs-gallery-item\"><img fetchpriority=\"high\" decoding=\"async\" width=\"300\" height=\"225\" src=\"https:\/\/huertadelcura.es\/wp-content\/uploads\/2025\/03\/malaga-virgen-wine-tasting-villa-huerta-del-cura-casarabonela-andalusia.webp\" class=\"attachment-cozystay_550x9999 size-cozystay_550x9999 wp-image-5354\" alt=\"\" srcset=\"https:\/\/huertadelcura.es\/wp-content\/uploads\/2025\/03\/malaga-virgen-wine-tasting-villa-huerta-del-cura-casarabonela-andalusia.webp 300w, https:\/\/huertadelcura.es\/wp-content\/uploads\/2025\/03\/malaga-virgen-wine-tasting-villa-huerta-del-cura-casarabonela-andalusia-255x191.webp 255w\" sizes=\"(max-width: 300px) 100vw, 300px\" \/>                    <\/div>                    <div class=\"cs-gallery-item\"><img decoding=\"async\" width=\"300\" height=\"225\" src=\"https:\/\/huertadelcura.es\/wp-content\/uploads\/2025\/03\/bodega-almijara-wine-tasting-villa-huerta-del-cura.webp\" class=\"attachment-cozystay_550x9999 size-cozystay_550x9999 wp-image-5348\" alt=\"\" srcset=\"https:\/\/huertadelcura.es\/wp-content\/uploads\/2025\/03\/bodega-almijara-wine-tasting-villa-huerta-del-cura.webp 300w, https:\/\/huertadelcura.es\/wp-content\/uploads\/2025\/03\/bodega-almijara-wine-tasting-villa-huerta-del-cura-255x191.webp 255w\" sizes=\"(max-width: 300px) 100vw, 300px\" \/>                    <\/div>                    <div class=\"cs-gallery-item\"><img decoding=\"async\" width=\"300\" height=\"225\" src=\"https:\/\/huertadelcura.es\/wp-content\/uploads\/2025\/03\/bodegas-almijara-villa-huerta-del-cura.webp\" class=\"attachment-cozystay_550x9999 size-cozystay_550x9999 wp-image-5351\" alt=\"\" srcset=\"https:\/\/huertadelcura.es\/wp-content\/uploads\/2025\/03\/bodegas-almijara-villa-huerta-del-cura.webp 300w, https:\/\/huertadelcura.es\/wp-content\/uploads\/2025\/03\/bodegas-almijara-villa-huerta-del-cura-255x191.webp 255w\" sizes=\"(max-width: 300px) 100vw, 300px\" \/>                    <\/div>                <\/div>\n            <\/div>\t\t\t\t<\/div>\n\t\t\t\t<\/div>\n\t\t\t\t\t<\/div>\n\t\t<\/div>\n\t\t\t\t\t<\/div>\n\t\t<\/section>\n\t\t\t\t<section class=\"elementor-section elementor-top-section elementor-element elementor-element-68275b8 elementor-section-boxed elementor-section-height-default elementor-section-height-default\" data-id=\"68275b8\" data-element_type=\"section\" data-e-type=\"section\">\n\t\t\t\t\t\t<div class=\"elementor-container elementor-column-gap-no\">\n\t\t\t\t\t<div class=\"elementor-column elementor-col-66 elementor-top-column elementor-element elementor-element-a4414f5\" data-id=\"a4414f5\" data-element_type=\"column\" data-e-type=\"column\">\n\t\t\t<div class=\"elementor-widget-wrap elementor-element-populated\">\n\t\t\t\t\t\t<div class=\"elementor-element elementor-element-154f24d elementor-widget elementor-widget-cs_title\" data-id=\"154f24d\" data-element_type=\"widget\" data-e-type=\"widget\" data-widget_type=\"cs_title.default\">\n\t\t\t\t<div class=\"elementor-widget-container\">\n\t\t\t\t\t\n        <div class=\"cs-title-wrap\">\t            <div class=\"cs-subtitle-wrap\"><span class=\"cs-subtitle\">cata de vinos<\/span><\/div>\t            <h4 class=\"cs-title\">\n\t                He aqu\u00ed algunas bodegas y experiencias de cata de vinos notables\t            <\/h4>\t            <div class=\"cs-title-text\">\n\t                <p> <\/p><p><strong>1. <a href=\"https:\/\/www.bodegasmalagavirgen.com\/?lang=en\" target=\"_blank\" rel=\"noopener\">Bodegas M\u00e1laga Virgen<\/a> (aprox. 45 min en coche)<\/strong><br>Esta bodega ofrece visitas guiadas y catas de sus renombrados vinos dulces, incluido el famoso Moscatel de M\u00e1laga.<\/p><p><strong>2. <a href=\"https:\/\/quitapenas.es\/en\/\" target=\"_blank\" rel=\"noopener\">Bodegas Qu<\/a><\/strong>itapenas <strong>(aprox. 35 min en coche)<\/strong><br>Quitapenas ofrece catas de vino en las que los visitantes pueden probar una variedad de vinos locales, como tintos, blancos y rosados.  <\/p><p><strong>3. <a href=\"https:\/\/www.elpimpi.com\/en\/\" target=\"_blank\" rel=\"noopener\">Bodegas El<\/a><\/strong> Pimpi <strong>(aprox. 30 min en coche)<\/strong><br>El Pimpi es una bodega hist\u00f3rica y un restaurante que ofrece experiencias de cata de vinos maridadas con cocina tradicional andaluza.  <\/p><p><strong>4. <a href=\"https:\/\/bodegasbentomiz.com\/\" target=\"_blank\" rel=\"noopener\">Bodegas Bentomiz<\/a> (aprox. 65 min en coche)<\/strong><br>Esta bodega boutique ofrece visitas de cata de sus galardonados vinos, con las impresionantes monta\u00f1as de la Axarqu\u00eda como tel\u00f3n de fondo.  <\/p><p><strong>5.<a href=\"https:\/\/www.bodegasalmijara.com\/\" target=\"_blank\" rel=\"noopener\">Bodegas Almijara<\/a> (aprox. 75 min en coche)<br><\/strong>Almijara ofrece experiencias de cata de vinos en las que los visitantes pueden probar una gama de vinos locales, incluido su caracter\u00edstico Moscatel. Estos establecimientos ofrecen una visi\u00f3n de la rica cultura vin\u00edcola de Andaluc\u00eda y bien merecen una visita para los entusiastas del vino. <\/p><p><strong> <\/strong><\/p>\t            <\/div>        <\/div>\t\t\t\t<\/div>\n\t\t\t\t<\/div>\n\t\t\t\t\t<\/div>\n\t\t<\/div>\n\t\t\t\t<div class=\"elementor-column elementor-col-33 elementor-top-column elementor-element elementor-element-88eefae\" data-id=\"88eefae\" data-element_type=\"column\" data-e-type=\"column\" data-settings=\"{&quot;background_background&quot;:&quot;classic&quot;}\">\n\t\t\t<div class=\"elementor-widget-wrap\">\n\t\t\t\t\t\t\t<\/div>\n\t\t<\/div>\n\t\t\t\t\t<\/div>\n\t\t<\/section>\n\t\t\t\t<\/div>\n\t\t","protected":false},"excerpt":{"rendered":"<p>Actividad Cata de vinos cata de vinos Cata de vinos en Andaluc\u00eda Aunque Casarabonela no produce vino en la actualidad, cuenta con una rica historia vitivin\u00edcola que se remonta a la \u00e9poca romana. Conocida entonces como &#8220;Castra Vinaria&#8221;, que significa &#8220;fortaleza del vino&#8221;, el nombre del pueblo refleja la importancia de la producci\u00f3n vin\u00edcola en &#8230;<\/p>\n","protected":false},"author":1,"featured_media":0,"parent":0,"menu_order":0,"comment_status":"closed","ping_status":"closed","template":"template-wide-content.php","meta":{"cozystay_single_page_hide_site_header":"","cozystay_single_page_site_header_source":"","cozystay_single_page_custom_site_header":"0","cozystay_single_page_custom_sticky_site_header":"0","cozystay_single_page_hide_page_title":"","cozystay_single_page_header_section_size":"","cozystay_single_page_header_background_color":"","cozystay_single_page_header_background_position_x":"center","cozystay_single_page_header_background_position_y":"center","cozystay_single_page_header_background_size":"cover","cozystay_single_page_header_background_repeat":"off","cozystay_single_page_header_background_scroll":"on","cozystay_single_page_header_text_color":"","cozystay_single_page_header_show_breadcrumb":"","cozystay_single_page_site_footer_hide_main":"","cozystay_single_custom_site_footer_main_source":"","cozystay_single_custom_site_footer_main":"0","cozystay_single_page_site_footer_hide_above":"","cozystay_single_custom_site_footer_above_source":"","cozystay_single_custom_site_footer_above":"0","cozystay_single_page_site_footer_hide_instagram":"","cozystay_single_page_site_footer_hide_bottom":"","cozystay_single_custom_mobile_menu_source":"","cozystay_single_custom_mobile_menu":"0","cozystay_single_custom_mobile_menu_animation":"","cozystay_single_custom_mobile_menu_width":"","cozystay_single_custom_mobile_menu_custom_width":375,"footnotes":""},"class_list":["post-4202","page","type-page","status-publish","hentry"],"_links":{"self":[{"href":"https:\/\/huertadelcura.es\/es\/wp-json\/wp\/v2\/pages\/4202","targetHints":{"allow":["GET"]}}],"collection":[{"href":"https:\/\/huertadelcura.es\/es\/wp-json\/wp\/v2\/pages"}],"about":[{"href":"https:\/\/huertadelcura.es\/es\/wp-json\/wp\/v2\/types\/page"}],"author":[{"embeddable":true,"href":"https:\/\/huertadelcura.es\/es\/wp-json\/wp\/v2\/users\/1"}],"replies":[{"embeddable":true,"href":"https:\/\/huertadelcura.es\/es\/wp-json\/wp\/v2\/comments?post=4202"}],"version-history":[{"count":4,"href":"https:\/\/huertadelcura.es\/es\/wp-json\/wp\/v2\/pages\/4202\/revisions"}],"predecessor-version":[{"id":5371,"href":"https:\/\/huertadelcura.es\/es\/wp-json\/wp\/v2\/pages\/4202\/revisions\/5371"}],"wp:attachment":[{"href":"https:\/\/huertadelcura.es\/es\/wp-json\/wp\/v2\/media?parent=4202"}],"curies":[{"name":"wp","href":"https:\/\/api.w.org\/{rel}","templated":true}]}}