{"id":4198,"date":"2025-02-08T14:33:28","date_gmt":"2025-02-08T14:33:28","guid":{"rendered":"http:\/\/new-site-huerta-2025.local\/padel\/"},"modified":"2025-04-09T11:17:28","modified_gmt":"2025-04-09T11:17:28","slug":"padel","status":"publish","type":"page","link":"https:\/\/huertadelcura.es\/es\/padel\/","title":{"rendered":"P\u00e1del"},"content":{"rendered":"\t\t<div data-elementor-type=\"wp-page\" data-elementor-id=\"4198\" class=\"elementor elementor-4198 elementor-2673\">\n\t\t\t\t\t\t<section class=\"elementor-section elementor-top-section elementor-element elementor-element-c90a5bd elementor-section-height-min-height cs-section-content-fullwidth cs-parallax-on-scroll cs_scroll_y_120 elementor-section-boxed elementor-section-height-default elementor-section-items-middle\" data-id=\"c90a5bd\" data-element_type=\"section\" data-e-type=\"section\" data-settings=\"{&quot;background_background&quot;:&quot;classic&quot;}\" data-cs-parallax-y=\"120\" style=\"background-image: none;\" data-cs-background-image=\"https:\/\/huertadelcura.es\/wp-content\/uploads\/2025\/03\/padel-villa-huerta-del-cura-spain-andalusia-malaga.webp\" data-cs-background-image-alt-text=\"\">\n\t\t\t\t\t\t\t<div class=\"elementor-background-overlay\"><\/div>\n\t\t\t\t\t\t\t<div class=\"elementor-container elementor-column-gap-no\">\n\t\t\t\t\t<div class=\"elementor-column elementor-col-100 elementor-top-column elementor-element elementor-element-7d889b7 dark-color\" data-id=\"7d889b7\" data-element_type=\"column\" data-e-type=\"column\">\n\t\t\t<div class=\"elementor-widget-wrap elementor-element-populated\">\n\t\t\t\t\t\t<div class=\"elementor-element elementor-element-57ca99f elementor-widget elementor-widget-cs_title\" data-id=\"57ca99f\" data-element_type=\"widget\" data-e-type=\"widget\" data-widget_type=\"cs_title.default\">\n\t\t\t\t<div class=\"elementor-widget-container\">\n\t\t\t\t\t\n        <div class=\"cs-title-wrap text-center\">\t            <div class=\"cs-subtitle-wrap\"><span class=\"cs-subtitle color-white\">Actividad<\/span><\/div>\t            <h1 class=\"cs-title\">\n\t                P\u00e1del\t            <\/h1>        <\/div>\t\t\t\t<\/div>\n\t\t\t\t<\/div>\n\t\t\t\t\t<\/div>\n\t\t<\/div>\n\t\t\t\t\t<\/div>\n\t\t<\/section>\n\t\t\t\t<section class=\"elementor-section elementor-top-section elementor-element elementor-element-bdd7054 elementor-section-boxed elementor-section-height-default elementor-section-height-default\" data-id=\"bdd7054\" data-element_type=\"section\" data-e-type=\"section\">\n\t\t\t\t\t\t<div class=\"elementor-container elementor-column-gap-no\">\n\t\t\t\t\t<div class=\"elementor-column elementor-col-100 elementor-top-column elementor-element elementor-element-f24e1a1\" data-id=\"f24e1a1\" data-element_type=\"column\" data-e-type=\"column\">\n\t\t\t<div class=\"elementor-widget-wrap elementor-element-populated\">\n\t\t\t\t\t\t<div class=\"elementor-element elementor-element-95ac6fd elementor-widget elementor-widget-cs_title\" data-id=\"95ac6fd\" data-element_type=\"widget\" data-e-type=\"widget\" data-widget_type=\"cs_title.default\">\n\t\t\t\t<div class=\"elementor-widget-container\">\n\t\t\t\t\t\n        <div class=\"cs-title-wrap text-center\">\t            <div class=\"cs-subtitle-wrap\"><span class=\"cs-subtitle\">P\u00e1del en los alrededores de Casarabonela<\/span><\/div>\t            <h4 class=\"cs-title\">\n\t                P\u00e1del en M\u00e1laga\t            <\/h4>\t            <div class=\"cs-title-text\">\n\t                <p>El p\u00e1del ha experimentado un notable aumento de popularidad en Andaluc\u00eda, convirti\u00e9ndose en una parte central de la cultura deportiva de la regi\u00f3n. La zona cuenta con numerosos clubes e instalaciones, con M\u00e1laga a la cabeza. <\/p><p>Muchas pistas se pueden reservar a trav\u00e9s de la app Playtomic<\/p>\t            <\/div>        <\/div>\t\t\t\t<\/div>\n\t\t\t\t<\/div>\n\t\t\t\t<div class=\"elementor-element elementor-element-b6a4684 cs-animation-small-offset elementor-invisible elementor-widget elementor-widget-cs_gallery\" data-id=\"b6a4684\" data-element_type=\"widget\" data-e-type=\"widget\" data-settings=\"{&quot;_animation&quot;:&quot;fadeInUp&quot;,&quot;_animation_delay&quot;:200}\" data-widget_type=\"cs_gallery.default\">\n\t\t\t\t<div class=\"elementor-widget-container\">\n\t\t\t\t\t\n            <div class=\"cs-gallery gap-5 gallery-grid grid-col-3\">\n                <div class=\"cs-gallery-wrap\">                    <div class=\"cs-gallery-item\"><img fetchpriority=\"high\" decoding=\"async\" width=\"400\" height=\"300\" src=\"https:\/\/huertadelcura.es\/wp-content\/uploads\/2025\/03\/padel-malaga-villa-huerta-del-cura-andalusia.webp\" class=\"attachment-cozystay_550x9999 size-cozystay_550x9999 wp-image-5392\" alt=\"\" srcset=\"https:\/\/huertadelcura.es\/wp-content\/uploads\/2025\/03\/padel-malaga-villa-huerta-del-cura-andalusia.webp 400w, https:\/\/huertadelcura.es\/wp-content\/uploads\/2025\/03\/padel-malaga-villa-huerta-del-cura-andalusia-300x225.webp 300w, https:\/\/huertadelcura.es\/wp-content\/uploads\/2025\/03\/padel-malaga-villa-huerta-del-cura-andalusia-370x278.webp 370w, https:\/\/huertadelcura.es\/wp-content\/uploads\/2025\/03\/padel-malaga-villa-huerta-del-cura-andalusia-255x191.webp 255w\" sizes=\"(max-width: 400px) 100vw, 400px\" \/>                    <\/div>                    <div class=\"cs-gallery-item\"><img decoding=\"async\" width=\"400\" height=\"300\" src=\"https:\/\/huertadelcura.es\/wp-content\/uploads\/2025\/03\/real-club-padel-marbella-villa-huerta-del-cura-malaga.webp\" class=\"attachment-cozystay_550x9999 size-cozystay_550x9999 wp-image-5386\" alt=\"\" srcset=\"https:\/\/huertadelcura.es\/wp-content\/uploads\/2025\/03\/real-club-padel-marbella-villa-huerta-del-cura-malaga.webp 400w, https:\/\/huertadelcura.es\/wp-content\/uploads\/2025\/03\/real-club-padel-marbella-villa-huerta-del-cura-malaga-300x225.webp 300w, https:\/\/huertadelcura.es\/wp-content\/uploads\/2025\/03\/real-club-padel-marbella-villa-huerta-del-cura-malaga-370x278.webp 370w, https:\/\/huertadelcura.es\/wp-content\/uploads\/2025\/03\/real-club-padel-marbella-villa-huerta-del-cura-malaga-255x191.webp 255w\" sizes=\"(max-width: 400px) 100vw, 400px\" \/>                    <\/div>                    <div class=\"cs-gallery-item\"><img decoding=\"async\" width=\"400\" height=\"300\" src=\"https:\/\/huertadelcura.es\/wp-content\/uploads\/2025\/03\/F64A7710-CBC0-4831-B0EE-383229B24EA3-copy.webp\" class=\"attachment-cozystay_550x9999 size-cozystay_550x9999 wp-image-5389\" alt=\"\" srcset=\"https:\/\/huertadelcura.es\/wp-content\/uploads\/2025\/03\/F64A7710-CBC0-4831-B0EE-383229B24EA3-copy.webp 400w, https:\/\/huertadelcura.es\/wp-content\/uploads\/2025\/03\/F64A7710-CBC0-4831-B0EE-383229B24EA3-copy-300x225.webp 300w, https:\/\/huertadelcura.es\/wp-content\/uploads\/2025\/03\/F64A7710-CBC0-4831-B0EE-383229B24EA3-copy-370x278.webp 370w, https:\/\/huertadelcura.es\/wp-content\/uploads\/2025\/03\/F64A7710-CBC0-4831-B0EE-383229B24EA3-copy-255x191.webp 255w\" sizes=\"(max-width: 400px) 100vw, 400px\" \/>                    <\/div>                <\/div>\n            <\/div>\t\t\t\t<\/div>\n\t\t\t\t<\/div>\n\t\t\t\t\t<\/div>\n\t\t<\/div>\n\t\t\t\t\t<\/div>\n\t\t<\/section>\n\t\t\t\t<section class=\"elementor-section elementor-top-section elementor-element elementor-element-68275b8 elementor-section-boxed elementor-section-height-default elementor-section-height-default\" data-id=\"68275b8\" data-element_type=\"section\" data-e-type=\"section\">\n\t\t\t\t\t\t<div class=\"elementor-container elementor-column-gap-no\">\n\t\t\t\t\t<div class=\"elementor-column elementor-col-66 elementor-top-column elementor-element elementor-element-a4414f5\" data-id=\"a4414f5\" data-element_type=\"column\" data-e-type=\"column\">\n\t\t\t<div class=\"elementor-widget-wrap elementor-element-populated\">\n\t\t\t\t\t\t<div class=\"elementor-element elementor-element-154f24d elementor-widget elementor-widget-cs_title\" data-id=\"154f24d\" data-element_type=\"widget\" data-e-type=\"widget\" data-widget_type=\"cs_title.default\">\n\t\t\t\t<div class=\"elementor-widget-container\">\n\t\t\t\t\t\n        <div class=\"cs-title-wrap\">\t            <div class=\"cs-subtitle-wrap\"><span class=\"cs-subtitle\">golf<\/span><\/div>\t            <h4 class=\"cs-title\">\n\t                Mejores pistas de p\u00e1del cerca de Villa Huerta del Cura\t            <\/h4>\t            <div class=\"cs-title-text\">\n\t                <p> <\/p><p><strong>1. Sol Padel Pizarra (Aprox. 8 min en coche)<\/strong><br>Este club ofrece pistas de p\u00e1del de calidad adecuadas para varios niveles de habilidad.  <\/p><p><strong>2. Club de P\u00e1del La Capellan\u00eda (Aprox. 25 min en coche)<\/strong><br>Este club cuenta con pistas en buen estado y un ambiente agradable para jugar tanto de forma ocasional como competitiva.  <\/p><p><strong>3. <a href=\"https:\/\/cdlosolivos.syltek3.com\/\" target=\"_blank\" rel=\"noopener\">Club de P\u00e1del Los Olivos<\/a> (aprox. 30 min en coche)<\/strong><br>Los Olivos ofrece varias pistas de p\u00e1del y organiza torneos y eventos con regularidad.  <\/p><p><strong>4. <a href=\"https:\/\/www.clubelcandado.com\/\" target=\"_blank\" rel=\"noopener\">Club de Padel El Candado<\/a> (Aprox. 35 min en coche)<\/strong><br>Este club dispone de excelentes instalaciones, incluidas m\u00faltiples pistas de padel y una tienda profesional.  <\/p><p><strong>5. <a href=\"https:\/\/realclubpadelmarbella.com\/en\/\" target=\"_blank\" rel=\"noopener\">Real Club Padel Marbella<\/a> (Aprox. 45 min en coche)<\/strong><br>Situado en el coraz\u00f3n de Marbella, este club cuenta con seis pistas panor\u00e1micas de cristal con c\u00e9sped homologado por el WPT e iluminaci\u00f3n LED. Tambi\u00e9n ofrece una escuela de p\u00e1del con entrenadores profesionales.   <\/p>\t            <\/div>        <\/div>\t\t\t\t<\/div>\n\t\t\t\t<\/div>\n\t\t\t\t\t<\/div>\n\t\t<\/div>\n\t\t\t\t<div class=\"elementor-column elementor-col-33 elementor-top-column elementor-element elementor-element-88eefae\" data-id=\"88eefae\" data-element_type=\"column\" data-e-type=\"column\" data-settings=\"{&quot;background_background&quot;:&quot;classic&quot;}\">\n\t\t\t<div class=\"elementor-widget-wrap\">\n\t\t\t\t\t\t\t<\/div>\n\t\t<\/div>\n\t\t\t\t\t<\/div>\n\t\t<\/section>\n\t\t\t\t<\/div>\n\t\t","protected":false},"excerpt":{"rendered":"<p>Actividad P\u00e1del P\u00e1del en los alrededores de Casarabonela P\u00e1del en M\u00e1laga El p\u00e1del ha experimentado un notable aumento de popularidad en Andaluc\u00eda, convirti\u00e9ndose en una parte central de la cultura deportiva de la regi\u00f3n. La zona cuenta con numerosos clubes e instalaciones, con M\u00e1laga a la cabeza. Muchas pistas se pueden reservar a trav\u00e9s de &#8230;<\/p>\n","protected":false},"author":1,"featured_media":0,"parent":0,"menu_order":0,"comment_status":"closed","ping_status":"closed","template":"template-wide-content.php","meta":{"cozystay_single_page_hide_site_header":"","cozystay_single_page_site_header_source":"","cozystay_single_page_custom_site_header":"0","cozystay_single_page_custom_sticky_site_header":"0","cozystay_single_page_hide_page_title":"","cozystay_single_page_header_section_size":"","cozystay_single_page_header_background_color":"","cozystay_single_page_header_background_position_x":"center","cozystay_single_page_header_background_position_y":"center","cozystay_single_page_header_background_size":"cover","cozystay_single_page_header_background_repeat":"off","cozystay_single_page_header_background_scroll":"on","cozystay_single_page_header_text_color":"","cozystay_single_page_header_show_breadcrumb":"","cozystay_single_page_site_footer_hide_main":"","cozystay_single_custom_site_footer_main_source":"","cozystay_single_custom_site_footer_main":"0","cozystay_single_page_site_footer_hide_above":"","cozystay_single_custom_site_footer_above_source":"","cozystay_single_custom_site_footer_above":"0","cozystay_single_page_site_footer_hide_instagram":"","cozystay_single_page_site_footer_hide_bottom":"","cozystay_single_custom_mobile_menu_source":"","cozystay_single_custom_mobile_menu":"0","cozystay_single_custom_mobile_menu_animation":"","cozystay_single_custom_mobile_menu_width":"","cozystay_single_custom_mobile_menu_custom_width":375,"footnotes":""},"class_list":["post-4198","page","type-page","status-publish","hentry"],"_links":{"self":[{"href":"https:\/\/huertadelcura.es\/es\/wp-json\/wp\/v2\/pages\/4198","targetHints":{"allow":["GET"]}}],"collection":[{"href":"https:\/\/huertadelcura.es\/es\/wp-json\/wp\/v2\/pages"}],"about":[{"href":"https:\/\/huertadelcura.es\/es\/wp-json\/wp\/v2\/types\/page"}],"author":[{"embeddable":true,"href":"https:\/\/huertadelcura.es\/es\/wp-json\/wp\/v2\/users\/1"}],"replies":[{"embeddable":true,"href":"https:\/\/huertadelcura.es\/es\/wp-json\/wp\/v2\/comments?post=4198"}],"version-history":[{"count":3,"href":"https:\/\/huertadelcura.es\/es\/wp-json\/wp\/v2\/pages\/4198\/revisions"}],"predecessor-version":[{"id":5590,"href":"https:\/\/huertadelcura.es\/es\/wp-json\/wp\/v2\/pages\/4198\/revisions\/5590"}],"wp:attachment":[{"href":"https:\/\/huertadelcura.es\/es\/wp-json\/wp\/v2\/media?parent=4198"}],"curies":[{"name":"wp","href":"https:\/\/api.w.org\/{rel}","templated":true}]}}