{"id":4186,"date":"2025-02-06T13:35:35","date_gmt":"2025-02-06T13:35:35","guid":{"rendered":"http:\/\/new-site-huerta-2025.local\/spa-y-bienestar\/"},"modified":"2025-04-09T11:21:28","modified_gmt":"2025-04-09T11:21:28","slug":"spa-y-bienestar","status":"publish","type":"page","link":"https:\/\/huertadelcura.es\/es\/spa-y-bienestar\/","title":{"rendered":"Spa y bienestar"},"content":{"rendered":"\t\t<div data-elementor-type=\"wp-page\" data-elementor-id=\"4186\" class=\"elementor elementor-4186 elementor-2579\">\n\t\t\t\t\t\t<section class=\"elementor-section elementor-top-section elementor-element elementor-element-12519ff9 elementor-section-height-min-height cs-section-content-fullwidth cs-parallax-on-scroll cs_scroll_y_80 elementor-section-boxed elementor-section-height-default elementor-section-items-middle\" data-id=\"12519ff9\" data-element_type=\"section\" data-e-type=\"section\" data-settings=\"{&quot;background_background&quot;:&quot;classic&quot;}\" data-cs-parallax-y=\"80\" style=\"background-image: none;\" data-cs-background-image=\"https:\/\/huertadelcura.es\/wp-content\/uploads\/2025\/03\/hammam-malaga-villa-huerta-del-cura.webp\" data-cs-background-image-alt-text=\"\">\n\t\t\t\t\t\t\t<div class=\"elementor-background-overlay\"><\/div>\n\t\t\t\t\t\t\t<div class=\"elementor-container elementor-column-gap-no\">\n\t\t\t\t\t<div class=\"elementor-column elementor-col-100 elementor-top-column elementor-element elementor-element-5489ca0f dark-color\" data-id=\"5489ca0f\" data-element_type=\"column\" data-e-type=\"column\">\n\t\t\t<div class=\"elementor-widget-wrap elementor-element-populated\">\n\t\t\t\t\t\t<div class=\"elementor-element elementor-element-308ff9e8 elementor-widget elementor-widget-cs_title\" data-id=\"308ff9e8\" data-element_type=\"widget\" data-e-type=\"widget\" data-widget_type=\"cs_title.default\">\n\t\t\t\t<div class=\"elementor-widget-container\">\n\t\t\t\t\t\n        <div class=\"cs-title-wrap text-center\">\t            <h1 class=\"cs-title\">\n\t                Spa y bienestar\t            <\/h1>\t            <div class=\"cs-title-text\">\n\t                <p>Villa Huerta del Cura es el lugar ideal para una <strong>escapada de spa y bienestar<\/strong>, ya que ofrece un equilibrio entre aventura al aire libre, relajaci\u00f3n y vida sana.<\/p>\t            <\/div>        <\/div>\t\t\t\t<\/div>\n\t\t\t\t<\/div>\n\t\t\t\t\t<\/div>\n\t\t<\/div>\n\t\t\t\t\t<\/div>\n\t\t<\/section>\n\t\t\t\t<section class=\"elementor-section elementor-top-section elementor-element elementor-element-40b3456 cs-section-content-fullwidth elementor-section-boxed elementor-section-height-default elementor-section-height-default\" data-id=\"40b3456\" data-element_type=\"section\" data-e-type=\"section\" data-settings=\"{&quot;background_background&quot;:&quot;classic&quot;}\">\n\t\t\t\t\t\t<div class=\"elementor-container elementor-column-gap-no\">\n\t\t\t\t\t<div class=\"elementor-column elementor-col-66 elementor-top-column elementor-element elementor-element-78bb30d\" data-id=\"78bb30d\" data-element_type=\"column\" data-e-type=\"column\">\n\t\t\t<div class=\"elementor-widget-wrap elementor-element-populated\">\n\t\t\t\t\t\t<div class=\"elementor-element elementor-element-8db82d6 elementor-widget elementor-widget-cs_title\" data-id=\"8db82d6\" data-element_type=\"widget\" data-e-type=\"widget\" data-widget_type=\"cs_title.default\">\n\t\t\t\t<div class=\"elementor-widget-container\">\n\t\t\t\t\t\n        <div class=\"cs-title-wrap text-center-mobile\">\t            <div class=\"cs-subtitle-wrap\"><span class=\"cs-subtitle\">Relax y Salud<\/span><\/div>\t            <h3 class=\"cs-title\">\n\t                Spa y bienestar en M\u00e1laga\t            <\/h3>        <\/div>\t\t\t\t<\/div>\n\t\t\t\t<\/div>\n\t\t\t\t\t<\/div>\n\t\t<\/div>\n\t\t\t\t<div class=\"elementor-column elementor-col-33 elementor-top-column elementor-element elementor-element-f94466e\" data-id=\"f94466e\" data-element_type=\"column\" data-e-type=\"column\">\n\t\t\t<div class=\"elementor-widget-wrap elementor-element-populated\">\n\t\t\t\t\t\t\t<\/div>\n\t\t<\/div>\n\t\t\t\t\t<\/div>\n\t\t<\/section>\n\t\t\t\t<section class=\"elementor-section elementor-top-section elementor-element elementor-element-81fe030 cs-section-content-fullwidth elementor-section-boxed elementor-section-height-default elementor-section-height-default\" data-id=\"81fe030\" data-element_type=\"section\" data-e-type=\"section\" data-settings=\"{&quot;background_background&quot;:&quot;classic&quot;}\">\n\t\t\t\t\t\t<div class=\"elementor-container elementor-column-gap-no\">\n\t\t\t\t\t<div class=\"elementor-column elementor-col-50 elementor-top-column elementor-element elementor-element-0d4ce1b\" data-id=\"0d4ce1b\" data-element_type=\"column\" data-e-type=\"column\">\n\t\t\t<div class=\"elementor-widget-wrap elementor-element-populated\">\n\t\t\t\t\t\t<div class=\"elementor-element elementor-element-2d38248 elementor-widget elementor-widget-text-editor\" data-id=\"2d38248\" data-element_type=\"widget\" data-e-type=\"widget\" data-widget_type=\"text-editor.default\">\n\t\t\t\t<div class=\"elementor-widget-container\">\n\t\t\t\t\t\t\t\t\t<p>Mejora tu estancia con una <strong>relajante sesi\u00f3n privada de yoga<\/strong> en nuestra villa. Tanto si buscas un suave estiramiento matutino, un flujo rejuvenecedor o una sesi\u00f3n de relajaci\u00f3n profunda, un instructor de yoga profesional puede venir a la villa y guiarte a ti y a tus invitados a trav\u00e9s de una pr\u00e1ctica personalizada. <\/p><p><strong>\u00bfQu\u00e9 incluye?<\/strong><br>\u2705 Sesi\u00f3n privada de yoga para ti y tu grupo<br>\u2705 Adaptada a todos los niveles, desde principiantes hasta yoguis experimentados<br>\u2705 Te proporcionamos esterillas de yoga, no hace falta que traigas las tuyas<br>\u2705 Entorno impresionante para la m\u00e1xima relajaci\u00f3n<\/p><p>Empieza el d\u00eda con <strong>yoga al amanecer junto a la piscina<\/strong>, rel\u00e1jate por la tarde con una <strong>sesi\u00f3n reparadora<\/strong> o reserva una <strong>experiencia de yoga personalizada<\/strong> que se adapte a tus necesidades.<\/p><p>\u00bfTe interesa? \u00a1 <a href=\"mailto:%20info@huertadelcura.es\">Ponte en contacto con nosotros<\/a> para organizar tu sesi\u00f3n privada de yoga durante tu estancia!<\/p>\t\t\t\t\t\t\t\t<\/div>\n\t\t\t\t<\/div>\n\t\t\t\t\t<\/div>\n\t\t<\/div>\n\t\t\t\t<div class=\"elementor-column elementor-col-50 elementor-top-column elementor-element elementor-element-be90302\" data-id=\"be90302\" data-element_type=\"column\" data-e-type=\"column\" data-settings=\"{&quot;background_background&quot;:&quot;classic&quot;}\">\n\t\t\t<div class=\"elementor-widget-wrap\">\n\t\t\t\t\t\t\t<\/div>\n\t\t<\/div>\n\t\t\t\t\t<\/div>\n\t\t<\/section>\n\t\t\t\t<section class=\"elementor-section elementor-top-section elementor-element elementor-element-c5a3c3b elementor-section-boxed elementor-section-height-default elementor-section-height-default\" data-id=\"c5a3c3b\" data-element_type=\"section\" data-e-type=\"section\" data-settings=\"{&quot;background_background&quot;:&quot;classic&quot;}\">\n\t\t\t\t\t\t<div class=\"elementor-container elementor-column-gap-no\">\n\t\t\t\t\t<div class=\"elementor-column elementor-col-100 elementor-top-column elementor-element elementor-element-cb2bb27\" data-id=\"cb2bb27\" data-element_type=\"column\" data-e-type=\"column\">\n\t\t\t<div class=\"elementor-widget-wrap elementor-element-populated\">\n\t\t\t\t\t\t<div class=\"elementor-element elementor-element-ceca599 elementor-widget elementor-widget-cs_title\" data-id=\"ceca599\" data-element_type=\"widget\" data-e-type=\"widget\" data-widget_type=\"cs_title.default\">\n\t\t\t\t<div class=\"elementor-widget-container\">\n\t\t\t\t\t\n        <div class=\"cs-title-wrap text-center\">\t            <div class=\"cs-subtitle-wrap\"><span class=\"cs-subtitle\">cerca de la villa<\/span><\/div>\t            <h2 class=\"cs-title\">\n\t                Experiencia inolvidable\t            <\/h2>        <\/div>\t\t\t\t<\/div>\n\t\t\t\t<\/div>\n\t\t\t\t\t<\/div>\n\t\t<\/div>\n\t\t\t\t\t<\/div>\n\t\t<\/section>\n\t\t\t\t<section class=\"elementor-section elementor-top-section elementor-element elementor-element-2130538 elementor-section-boxed elementor-section-height-default elementor-section-height-default\" data-id=\"2130538\" data-element_type=\"section\" data-e-type=\"section\" data-settings=\"{&quot;background_background&quot;:&quot;classic&quot;}\">\n\t\t\t\t\t\t<div class=\"elementor-container elementor-column-gap-no\">\n\t\t\t\t\t<div class=\"elementor-column elementor-col-100 elementor-top-column elementor-element elementor-element-1b6b147\" data-id=\"1b6b147\" data-element_type=\"column\" data-e-type=\"column\">\n\t\t\t<div class=\"elementor-widget-wrap elementor-element-populated\">\n\t\t\t\t\t\t<div class=\"elementor-element elementor-element-38246bc elementor-widget elementor-widget-cs_title\" data-id=\"38246bc\" data-element_type=\"widget\" data-e-type=\"widget\" data-widget_type=\"cs_title.default\">\n\t\t\t\t<div class=\"elementor-widget-container\">\n\t\t\t\t\t\n        <div class=\"cs-title-wrap text-center\">\t            <h6 class=\"cs-title\">\n\t                Para quienes busquen relajarse y rejuvenecer durante su estancia, el barrio de Villa Huerta del Cura ofrece varios balnearios y spas excepcionales a poca distancia en coche. Tanto si quieres desconectar con un relajante tratamiento de spa.   \t            <\/h6>        <\/div>\t\t\t\t<\/div>\n\t\t\t\t<\/div>\n\t\t\t\t\t<\/div>\n\t\t<\/div>\n\t\t\t\t\t<\/div>\n\t\t<\/section>\n\t\t\t\t<section class=\"elementor-section elementor-top-section elementor-element elementor-element-479d6b5 elementor-section-content-middle cs-animation-small-offset elementor-section-boxed elementor-section-height-default elementor-section-height-default elementor-invisible\" data-id=\"479d6b5\" data-element_type=\"section\" data-e-type=\"section\" data-settings=\"{&quot;animation&quot;:&quot;fadeInUp&quot;,&quot;animation_delay&quot;:300}\">\n\t\t\t\t\t\t<div class=\"elementor-container elementor-column-gap-no\">\n\t\t\t\t\t<div class=\"elementor-column elementor-col-33 elementor-top-column elementor-element elementor-element-00045a6\" data-id=\"00045a6\" data-element_type=\"column\" data-e-type=\"column\">\n\t\t\t<div class=\"elementor-widget-wrap elementor-element-populated\">\n\t\t\t\t\t\t<div class=\"elementor-element elementor-element-0c9045a elementor-widget elementor-widget-cs_call_to_action\" data-id=\"0c9045a\" data-element_type=\"widget\" data-e-type=\"widget\" data-widget_type=\"cs_call_to_action.default\">\n\t\t\t\t<div class=\"elementor-widget-container\">\n\t\t\t\t\t\n\t\t<div class=\"cs-cta cta-layout-text-normal cta-hover-img-zoom\">\n            <div class=\"cs-cta-wrap\">\t\t                <div class=\"cs-cta-img-wrap\">\n\t\t\t\t\t        <div class=\"cs-cta-img\">\n\t\t\t\t\t            <img fetchpriority=\"high\" decoding=\"async\" width=\"400\" height=\"300\" src=\"https:\/\/huertadelcura.es\/wp-content\/uploads\/2025\/03\/hammam-andalus-malaga-casarabonela-villa-hurta-del-cura.webp\" class=\"attachment-cozystay_550x9999 size-cozystay_550x9999 wp-image-5446\" alt=\"\" srcset=\"https:\/\/huertadelcura.es\/wp-content\/uploads\/2025\/03\/hammam-andalus-malaga-casarabonela-villa-hurta-del-cura.webp 400w, https:\/\/huertadelcura.es\/wp-content\/uploads\/2025\/03\/hammam-andalus-malaga-casarabonela-villa-hurta-del-cura-300x225.webp 300w, https:\/\/huertadelcura.es\/wp-content\/uploads\/2025\/03\/hammam-andalus-malaga-casarabonela-villa-hurta-del-cura-370x278.webp 370w, https:\/\/huertadelcura.es\/wp-content\/uploads\/2025\/03\/hammam-andalus-malaga-casarabonela-villa-hurta-del-cura-255x191.webp 255w\" sizes=\"(max-width: 400px) 100vw, 400px\" \/>\t\t\t\t\t        <\/div>\n\t\t\t\t\t        <div class=\"cs-offset-border\"><\/div>\n\t\t\t\t\t\t<\/div>                <div class=\"cs-cta-overlay\"><\/div>\n                <div class=\"cs-cta-content\">\t\t\t\t\t<div class=\"cs-subtitle-wrap\"><span class=\"cs-subtitle\">SPA<\/span><\/div>\t\t            <h4 class=\"cs-cta-title cs-title\">\n\t\t                Hammam al \u00c1ndalus\t\t            <\/h4>\t\t            <div class=\"cs-cta-text\">\n\t\t                <p>El Hammam Al \u00c1ndalus de M\u00e1laga ofrece una aut\u00e9ntica experiencia de ba\u00f1o \u00e1rabe, que permite a los hu\u00e9spedes sumergirse en las tradiciones de la antigua Al \u00c1ndalus. Los visitantes pueden disfrutar de un viaje a trav\u00e9s de varios ba\u00f1os termales, complementado con masajes relajantes y rituales dise\u00f1ados para despertar los sentidos. El ambiente sereno, caracterizado por una iluminaci\u00f3n suave, esencias arom\u00e1ticas y sonidos tranquilos, proporciona un marco perfecto para la relajaci\u00f3n y la reflexi\u00f3n interior.  <\/p>\t\t            <\/div>\t                <div class=\"cs-cta-btn\">\n\t                    <a class=\"button cs-btn-color-primary cs-btn-underline cs-btn-with-icon\" role=\"button\" href=\"https:\/\/malaga.hammamalandalus.com\/en\/\" target=\"_blank\">\n\t                        <span class=\"cs-btn-text\">Descubre m\u00e1s<\/span>\t\t\t\t            \t<span class=\"cs-btn-icon icon-arrow\"><\/span>\t                    <\/a>\n\t                <\/div>\t\t\t<\/div>                <a class=\"cs-cta-link\" href=\"https:\/\/malaga.hammamalandalus.com\/en\/\" aria-label=\"Call to Action Link\" target=\"_blank\" rel=\"noopener\"><\/a>            <\/div>\n        <\/div>\t\t\t\t<\/div>\n\t\t\t\t<\/div>\n\t\t\t\t\t<\/div>\n\t\t<\/div>\n\t\t\t\t<div class=\"elementor-column elementor-col-33 elementor-top-column elementor-element elementor-element-ba66244\" data-id=\"ba66244\" data-element_type=\"column\" data-e-type=\"column\">\n\t\t\t<div class=\"elementor-widget-wrap elementor-element-populated\">\n\t\t\t\t\t\t<div class=\"elementor-element elementor-element-5d181d1 elementor-widget elementor-widget-cs_call_to_action\" data-id=\"5d181d1\" data-element_type=\"widget\" data-e-type=\"widget\" data-settings=\"{&quot;overlay_background&quot;:&quot;gradient&quot;}\" data-widget_type=\"cs_call_to_action.default\">\n\t\t\t\t<div class=\"elementor-widget-container\">\n\t\t\t\t\t\n\t\t<div class=\"cs-cta cta-layout-text-overlap content-bottom with-inner-border dark-color cta-hover-img-zoom\">\n            <div class=\"cs-cta-wrap\">\t\t               \t<div class=\"cs-cta-img\">\n\t\t                    <img decoding=\"async\" width=\"550\" height=\"826\" src=\"https:\/\/huertadelcura.es\/wp-content\/uploads\/2025\/03\/wellness-550x826.webp\" class=\"attachment-cozystay_550x9999 size-cozystay_550x9999 wp-image-5129\" alt=\"\" srcset=\"https:\/\/huertadelcura.es\/wp-content\/uploads\/2025\/03\/wellness-550x826.webp 550w, https:\/\/huertadelcura.es\/wp-content\/uploads\/2025\/03\/wellness-200x300.webp 200w, https:\/\/huertadelcura.es\/wp-content\/uploads\/2025\/03\/wellness-370x556.webp 370w, https:\/\/huertadelcura.es\/wp-content\/uploads\/2025\/03\/wellness-255x383.webp 255w, https:\/\/huertadelcura.es\/wp-content\/uploads\/2025\/03\/wellness.webp 600w\" sizes=\"(max-width: 550px) 100vw, 550px\" \/>\t\t                <\/div>                <div class=\"cs-cta-overlay\"><\/div>\n                <div class=\"cs-cta-content\">\t\t\t\t\t<div class=\"cs-subtitle-wrap\"><span class=\"cs-subtitle color-white\">Spa<\/span><\/div>\t\t            <h4 class=\"cs-cta-title cs-title\">\n\t\t                Thermae Spa y Experiencia Relajante\t\t            <\/h4>\t\t            <div class=\"cs-cta-text\">\n\t\t                <p>A s\u00f3lo 20 minutos de la Villa situada en Co\u00edn. Ofrecen una variedad de servicios dise\u00f1ados para fomentar la relajaci\u00f3n y el bienestar. Los hu\u00e9spedes pueden disfrutar de ba\u00f1os termales, masajes terap\u00e9uticos y tratamientos de belleza en un entorno sereno. El spa tambi\u00e9n cuenta con instalaciones de bienestar, como saunas y salas de vapor, que proporcionan una experiencia integral a quienes buscan rejuvenecerse.   <\/p>\t\t            <\/div>\t                <div class=\"cs-cta-btn\">\n\t                    <a class=\"button cs-btn-color-primary cs-btn-underline cs-btn-with-icon\" role=\"button\" href=\"https:\/\/www.thermae.es\/\" target=\"_blank\">\n\t                        <span class=\"cs-btn-text\">Descubre m\u00e1s<\/span>\t\t\t\t            \t<span class=\"cs-btn-icon icon-arrow\"><\/span>\t                    <\/a>\n\t                <\/div>\t\t\t<\/div>                <a class=\"cs-cta-link\" href=\"https:\/\/www.thermae.es\/\" aria-label=\"Call to Action Link\" target=\"_blank\" rel=\"noopener\"><\/a>            <\/div>\n        <\/div>\t\t\t\t<\/div>\n\t\t\t\t<\/div>\n\t\t\t\t\t<\/div>\n\t\t<\/div>\n\t\t\t\t<div class=\"elementor-column elementor-col-33 elementor-top-column elementor-element elementor-element-c67c144\" data-id=\"c67c144\" data-element_type=\"column\" data-e-type=\"column\">\n\t\t\t<div class=\"elementor-widget-wrap elementor-element-populated\">\n\t\t\t\t\t\t<div class=\"elementor-element elementor-element-da655a2 elementor-widget elementor-widget-cs_call_to_action\" data-id=\"da655a2\" data-element_type=\"widget\" data-e-type=\"widget\" data-widget_type=\"cs_call_to_action.default\">\n\t\t\t\t<div class=\"elementor-widget-container\">\n\t\t\t\t\t\n\t\t<div class=\"cs-cta cta-layout-text-normal cta-hover-img-zoom\">\n            <div class=\"cs-cta-wrap\">\t\t                <div class=\"cs-cta-img-wrap\">\n\t\t\t\t\t        <div class=\"cs-cta-img\">\n\t\t\t\t\t            <img decoding=\"async\" width=\"400\" height=\"300\" src=\"https:\/\/huertadelcura.es\/wp-content\/uploads\/2025\/03\/gran-hotel-miramar-villa-huerta-del-cura-casarabonela-malaga.webp\" class=\"attachment-cozystay_550x9999 size-cozystay_550x9999 wp-image-5442\" alt=\"\" srcset=\"https:\/\/huertadelcura.es\/wp-content\/uploads\/2025\/03\/gran-hotel-miramar-villa-huerta-del-cura-casarabonela-malaga.webp 400w, https:\/\/huertadelcura.es\/wp-content\/uploads\/2025\/03\/gran-hotel-miramar-villa-huerta-del-cura-casarabonela-malaga-300x225.webp 300w, https:\/\/huertadelcura.es\/wp-content\/uploads\/2025\/03\/gran-hotel-miramar-villa-huerta-del-cura-casarabonela-malaga-370x278.webp 370w, https:\/\/huertadelcura.es\/wp-content\/uploads\/2025\/03\/gran-hotel-miramar-villa-huerta-del-cura-casarabonela-malaga-255x191.webp 255w\" sizes=\"(max-width: 400px) 100vw, 400px\" \/>\t\t\t\t\t        <\/div>\n\t\t\t\t\t        <div class=\"cs-offset-border\"><\/div>\n\t\t\t\t\t\t<\/div>                <div class=\"cs-cta-overlay\"><\/div>\n                <div class=\"cs-cta-content\">\t\t\t\t\t<div class=\"cs-subtitle-wrap\"><span class=\"cs-subtitle\">SPA<\/span><\/div>\t\t            <h4 class=\"cs-cta-title cs-title\">\n\t\t                Gran Hotel Miramar\t\t            <\/h4>\t\t            <div class=\"cs-cta-text\">\n\t\t                <p>El <strong>Botanical Spa by Sisley<\/strong> del Gran Hotel Miramar de M\u00e1laga ofrece una exclusiva experiencia de bienestar que combina armoniosamente el dise\u00f1o de inspiraci\u00f3n morisca con los renombrados productos naturales de la marca Sisley. Los hu\u00e9spedes pueden disfrutar de una variedad de tratamientos, incluidos tratamientos faciales rejuvenecedores y terapias corporales, todos ellos destinados a fomentar la relajaci\u00f3n y el bienestar. El spa cuenta con un sereno circuito de aguas, saunas y salas de vapor. Perfecto para rejuvenecer   <\/p>\t\t            <\/div>\t                <div class=\"cs-cta-btn\">\n\t                    <a class=\"button cs-btn-color-primary cs-btn-underline cs-btn-with-icon\" role=\"button\" href=\"https:\/\/www.granhotelmiramarmalaga.com\/en\/spa\/\" target=\"_blank\">\n\t                        <span class=\"cs-btn-text\">Descubre m\u00e1s<\/span>\t\t\t\t            \t<span class=\"cs-btn-icon icon-arrow\"><\/span>\t                    <\/a>\n\t                <\/div>\t\t\t<\/div>                <a class=\"cs-cta-link\" href=\"https:\/\/www.granhotelmiramarmalaga.com\/en\/spa\/\" aria-label=\"Call to Action Link\" target=\"_blank\" rel=\"noopener\"><\/a>            <\/div>\n        <\/div>\t\t\t\t<\/div>\n\t\t\t\t<\/div>\n\t\t\t\t\t<\/div>\n\t\t<\/div>\n\t\t\t\t\t<\/div>\n\t\t<\/section>\n\t\t\t\t<\/div>\n\t\t","protected":false},"excerpt":{"rendered":"<p>Spa y bienestar Villa Huerta del Cura es el lugar ideal para una escapada de spa y bienestar, ya que ofrece un equilibrio entre aventura al aire libre, relajaci\u00f3n y vida sana. Relax y Salud Spa y bienestar en M\u00e1laga Mejora tu estancia con una relajante sesi\u00f3n privada de yoga en nuestra villa. Tanto si &#8230;<\/p>\n","protected":false},"author":1,"featured_media":0,"parent":0,"menu_order":0,"comment_status":"closed","ping_status":"closed","template":"template-wide-content.php","meta":{"cozystay_single_page_hide_site_header":"","cozystay_single_page_site_header_source":"","cozystay_single_page_custom_site_header":"0","cozystay_single_page_custom_sticky_site_header":"0","cozystay_single_page_hide_page_title":"","cozystay_single_page_header_section_size":"","cozystay_single_page_header_background_color":"","cozystay_single_page_header_background_position_x":"center","cozystay_single_page_header_background_position_y":"center","cozystay_single_page_header_background_size":"cover","cozystay_single_page_header_background_repeat":"off","cozystay_single_page_header_background_scroll":"on","cozystay_single_page_header_text_color":"","cozystay_single_page_header_show_breadcrumb":"","cozystay_single_page_site_footer_hide_main":"","cozystay_single_custom_site_footer_main_source":"","cozystay_single_custom_site_footer_main":"0","cozystay_single_page_site_footer_hide_above":"","cozystay_single_custom_site_footer_above_source":"","cozystay_single_custom_site_footer_above":"0","cozystay_single_page_site_footer_hide_instagram":"","cozystay_single_page_site_footer_hide_bottom":"","cozystay_single_custom_mobile_menu_source":"","cozystay_single_custom_mobile_menu":"0","cozystay_single_custom_mobile_menu_animation":"","cozystay_single_custom_mobile_menu_width":"","cozystay_single_custom_mobile_menu_custom_width":375,"footnotes":""},"class_list":["post-4186","page","type-page","status-publish","hentry"],"_links":{"self":[{"href":"https:\/\/huertadelcura.es\/es\/wp-json\/wp\/v2\/pages\/4186","targetHints":{"allow":["GET"]}}],"collection":[{"href":"https:\/\/huertadelcura.es\/es\/wp-json\/wp\/v2\/pages"}],"about":[{"href":"https:\/\/huertadelcura.es\/es\/wp-json\/wp\/v2\/types\/page"}],"author":[{"embeddable":true,"href":"https:\/\/huertadelcura.es\/es\/wp-json\/wp\/v2\/users\/1"}],"replies":[{"embeddable":true,"href":"https:\/\/huertadelcura.es\/es\/wp-json\/wp\/v2\/comments?post=4186"}],"version-history":[{"count":4,"href":"https:\/\/huertadelcura.es\/es\/wp-json\/wp\/v2\/pages\/4186\/revisions"}],"predecessor-version":[{"id":5594,"href":"https:\/\/huertadelcura.es\/es\/wp-json\/wp\/v2\/pages\/4186\/revisions\/5594"}],"wp:attachment":[{"href":"https:\/\/huertadelcura.es\/es\/wp-json\/wp\/v2\/media?parent=4186"}],"curies":[{"name":"wp","href":"https:\/\/api.w.org\/{rel}","templated":true}]}}